{"id":643,"date":"2022-02-07T10:50:51","date_gmt":"2022-02-07T08:50:51","guid":{"rendered":"https:\/\/daugmalespeonijas.lv\/wp\/?page_id=643"},"modified":"2022-03-21T13:51:19","modified_gmt":"2022-03-21T11:51:19","slug":"tulpju-auzdesana","status":"publish","type":"page","link":"https:\/\/daugmalespeonijas.lv\/wp\/?page_id=643","title":{"rendered":"Tulpju audz\u0113\u0161ana"},"content":{"rendered":"\n<h2 class=\"has-text-align-center wp-block-heading\" id=\"tulpes\">Tulpes<\/h2>\n\n\n<style type=\"text\/css\">\n#foogallery-gallery-644 .fg-image { width: 150px; }\n#foogallery-gallery-644 { --fg-gutter: 10px; }<\/style>\n\t\t\t<div class=\"foogallery foogallery-container foogallery-default foogallery-lightbox-foobox fg-center fg-default fg-ready fg-light fg-border-thin fg-shadow-outline fg-loading-default fg-loaded-fade-in fg-caption-hover fg-hover-fade fg-hover-zoom\" id=\"foogallery-gallery-644\" data-foogallery=\"{&quot;item&quot;:{&quot;showCaptionTitle&quot;:true,&quot;showCaptionDescription&quot;:true},&quot;lazy&quot;:true}\" style=\"--fg-title-line-clamp: 0; --fg-description-line-clamp: 0;\" >\n\t<div class=\"fg-item fg-type-image fg-idle\"><figure class=\"fg-item-inner\"><a href=\"https:\/\/daugmalespeonijas.lv\/wp\/wp-content\/uploads\/2022\/02\/100_1102.jpg\" data-attachment-id=\"645\" data-type=\"image\" class=\"fg-thumb\"><span class=\"fg-image-wrap\"><img decoding=\"async\" width=\"150\" height=\"150\" class=\"skip-lazy fg-image\" data-src-fg=\"https:\/\/daugmalespeonijas.lv\/wp\/wp-content\/uploads\/cache\/2022\/02\/100_1102\/2658316671.jpg\" src=\"data:image\/svg+xml,%3Csvg%20xmlns%3D%22http%3A%2F%2Fwww.w3.org%2F2000%2Fsvg%22%20width%3D%22150%22%20height%3D%22150%22%20viewBox%3D%220%200%20150%20150%22%3E%3C%2Fsvg%3E\" loading=\"eager\"><\/span><span class=\"fg-image-overlay\"><\/span><\/a><\/figure><div class=\"fg-loader\"><\/div><\/div><div class=\"fg-item fg-type-image fg-idle\"><figure class=\"fg-item-inner\"><a href=\"https:\/\/daugmalespeonijas.lv\/wp\/wp-content\/uploads\/2022\/02\/100_1130.jpg\" data-attachment-id=\"646\" data-type=\"image\" class=\"fg-thumb\"><span class=\"fg-image-wrap\"><img decoding=\"async\" width=\"150\" height=\"150\" class=\"skip-lazy fg-image\" data-src-fg=\"https:\/\/daugmalespeonijas.lv\/wp\/wp-content\/uploads\/cache\/2022\/02\/100_1130\/4204258800.jpg\" src=\"data:image\/svg+xml,%3Csvg%20xmlns%3D%22http%3A%2F%2Fwww.w3.org%2F2000%2Fsvg%22%20width%3D%22150%22%20height%3D%22150%22%20viewBox%3D%220%200%20150%20150%22%3E%3C%2Fsvg%3E\" loading=\"eager\"><\/span><span class=\"fg-image-overlay\"><\/span><\/a><\/figure><div class=\"fg-loader\"><\/div><\/div><div class=\"fg-item fg-type-image fg-idle\"><figure class=\"fg-item-inner\"><a href=\"https:\/\/daugmalespeonijas.lv\/wp\/wp-content\/uploads\/2022\/02\/P6190032.jpg\" data-attachment-id=\"647\" data-type=\"image\" class=\"fg-thumb\"><span class=\"fg-image-wrap\"><img decoding=\"async\" width=\"150\" height=\"150\" class=\"skip-lazy fg-image\" data-src-fg=\"https:\/\/daugmalespeonijas.lv\/wp\/wp-content\/uploads\/cache\/2022\/02\/P6190032\/2244233550.jpg\" src=\"data:image\/svg+xml,%3Csvg%20xmlns%3D%22http%3A%2F%2Fwww.w3.org%2F2000%2Fsvg%22%20width%3D%22150%22%20height%3D%22150%22%20viewBox%3D%220%200%20150%20150%22%3E%3C%2Fsvg%3E\" loading=\"eager\"><\/span><span class=\"fg-image-overlay\"><\/span><\/a><\/figure><div class=\"fg-loader\"><\/div><\/div><\/div>\n\n\n\n\n<h2 class=\"has-text-align-center wp-block-heading\" id=\"tulpju-audzesana\">Tulpju audz\u0113\u0161ana<\/h2>\n\n\n\n<p><strong>Izcelsme<\/strong><\/p>\n\n\n\n<p>Tulpju dzimtene ir Centr\u0101l\u0101 \u0100zija un Turcija. 16. gadsimt\u0101 t\u0101s tika ievestas Holand\u0113 un \u013coti \u0101tri k\u013cuva popul\u0101ras. Tulpes savu v\u0101rdu ir aizguvu\u0161as no turku v\u0101rda \u201etulbend\u201d, tas noz\u012bm\u0113 turb\u0101ns (cepure, ko taj\u0101 laik\u0101 lietoja Turcij\u0101). Ziedu forma atg\u0101dina \u0161o cepuri.<\/p>\n\n\n\n<p>Da\u017ei autori uzskata, ka tulpes savu uzvaras g\u0101jienu uz Holandi ir s\u0101ku\u0161as no Persijas (tagad\u0113j\u0101s Ir\u0101nas).<\/p>\n\n\n\n<p>\u0160odien Holand\u0113 tulpes un narcises audz\u0113 liel\u0101s plat\u012bb\u0101s un tiek tirgotas vis\u0101 pasaul\u0113, protams, ar\u012b Latvij\u0101.<\/p>\n\n\n\n<p><strong>Tulpes<\/strong><\/p>\n\n\n\n<p>Kad m\u0113s dom\u0101jam par skaistajiem pavasara ziediem, liel\u0101kajai da\u013cai cilv\u0113ku uzreiz n\u0101k pr\u0101t\u0101 tulpes. Tulpes l\u012bdz \u0161im ir popul\u0101r\u0101k\u0101s no pavasar\u012b ziedo\u0161ajiem s\u012bpolaugiem. Ruden\u012b kaut p\u0101ris desmiti iest\u0101d\u012btu s\u012bpolu d\u0101rz\u0101, pavasar\u012b J\u016bs priec\u0113s ar bag\u0101t\u012bgu, kr\u0101\u0161\u0146u zied\u0113\u0161anu, lai klied\u0113tu atmi\u0146as par ilgo, vienmu\u013co un kr\u0101s\u0101m nabadz\u012bgo ziemu.<\/p>\n\n\n\n<p>Tulpes ir viegli audz\u0113t, padarot t\u0101s popul\u0101ras ikvien\u0101 d\u0101rz\u0101. M\u0113dz b\u016bt agras, vid\u0113jas un v\u0113lu ziedo\u0161as tulpes. \u013boti da\u017e\u0101d\u0101s spilgt\u0101s kr\u0101s\u0101s: baltas, dzeltenas, roz\u0101, sarkanas, melnas, violetas, oran\u017eas, divkr\u0101sainas un v\u0113l vair\u0101k kr\u0101s\u0101s. L\u012bdz ar to skaistu dobju veido\u0161ana ir patiess m\u0101kslinieciski rado\u0161s pas\u0101kums, ko ierobe\u017eo tikai J\u016bsu izt\u0113le! St\u0101d\u012bjumu pl\u0101no\u0161ana sag\u0101d\u0101s Jums daudz jautrus, pat\u012bkamus br\u012b\u017eus!<\/p>\n\n\n\n<p>Izv\u0113lieties vietu, kar J\u016bs t\u0101s varat labi redz\u0113t no sava loga. T\u0101d\u0101 veid\u0101 skaistie ziedi J\u016bs priec\u0113s no agra r\u012bta l\u012bdz v\u0113lam vakaram. Daudzi cilv\u0113ki izstr\u0101d\u0101 kr\u0101sainu, ilgsto\u0161i zied\u0113\u0161u dobes izk\u0101rtojumu. T\u0101 ir sava veida iesp\u0113ja izteikt sevi, atrast t\u0101m pareizo vietu un pielietojumu J\u016bsu d\u0101rza apza\u013cumo\u0161an\u0101. Tulpes \u013coti labi harmon\u0113 kop\u0101 ar daudz un da\u017e\u0101diem citiem pavasar\u012b ziedo\u0161iem augiem.<\/p>\n\n\n\n<p><strong>Vietas izv\u0113le, augsne<\/strong><\/p>\n\n\n\n<p>Tulpes ir \u013coti plastiska kult\u016bra un t\u0101s var audz\u0113t jebkur\u0101 augsn\u0113. Lai gan t\u0101m, k\u0101 jebkuram citam augam, lab\u0101k pat\u012bk saulainas, v\u0113jiem aizsarg\u0101tas vietas d\u0101rz\u0101 ar bag\u0101t\u012bgu organiku un l\u012bdzenu augsnes virsmu, kur lietainos rude\u0146os, ziem\u0101 un pavasaros ilgsto\u0161i nest\u0101v \u016bdens. Tulpju audz\u0113\u0161anai neder piln\u012bgi no\u0113notas vietas d\u0101rz\u0101, k\u0101 ar\u012b \u013coti mitras, p\u0101rpurvotas augsnes.<\/p>\n\n\n\n<p>Ja tulpes audz\u0113jam liel\u0101k\u0101s plat\u012bb\u0101s ar nol\u016bku ieg\u016bt bag\u0101t\u012bgu ziedu ra\u017eu vai k\u0101rt\u012bgu s\u012bpolu pieaugumu, tad sevi\u0161\u0137a uzman\u012bba j\u0101piev\u0113r\u0161 vietas izv\u0113lei. Pateic\u012bgas ir \u013coti l\u012bdzenas, saulainas, maz no\u0113notas vietas ar nelielu sl\u012bpumu austrumu vai dienvidaustrumu virzien\u0101. Var izmantot ar\u012b dienvidu virzien\u0101 v\u0113rstas nolaidenas vietas, tikai tad saulain\u0101, karst\u0101 laik\u0101 liel\u0101ka uzman\u012bba b\u016bs j\u0101piev\u0113r\u0161 r\u016bp\u012bg\u0101kai lauka laist\u012b\u0161anai, kas pras\u012bs papildus laika zudumus un liel\u0101ku darba resursu ieguld\u012bjumus.<\/p>\n\n\n\n<p><strong>Augsne<\/strong><\/p>\n\n\n\n<p>Audz\u0113t tulpes var jebkur\u0101 augsn\u0113, iz\u0146emot sevi\u0161\u0137as gal\u0113j\u012bbas (piln\u012bgi t\u012bru smilti un smagu sarkano m\u0101lu). Protams, lab\u0101k t\u0101m patiks dzi\u013ci ielabotas augsnes ar bag\u0101t\u012bgu humusa saturu, labu dren\u0101\u017eu. Praktiski gan tas izpau\u017eas sav\u0101d\u0101k \u2013 st\u0101d\u0101m jebkur\u0101 viet\u0101, kur vien ir iesp\u0113jams atrast br\u012bvu vietu d\u0101rz\u0101 vai ar\u012b tur, kur paredz\u0113ts dobi vai akmensd\u0101rzu izveidot.<\/p>\n\n\n\n<p>R\u016bpnieciskai s\u012bpolu ieguvei gan augsne b\u016btu j\u0101ielabo vismaz gadu pirms tulpju st\u0101d\u012b\u0161anas, to bie\u017ei ru\u0161inot vai kultiv\u0113jot. P\u0101r\u0101k smag\u0101s m\u0101lain\u0101s augsnes un t\u0101pat ar\u012b viegl\u0101s smil\u0161ain\u0101s augsnes noteikti, iesp\u0113ju robe\u017e\u0101s, j\u0101ielabo. M\u0101lain\u0101m augsn\u0113m b\u016btu j\u0101pievieno grants un k\u016bdra, savuk\u0101rt smil\u0161ain\u0101m augsn\u0113m pievienojam m\u0101lu un k\u016bdru un iestr\u0101d\u0101jot to augsn\u0113.Vai ar\u012b tulp\u0113m paredz\u0113t\u0101s plat\u012bbas aps\u0113jot ar e\u013c\u013cas rutku vai rudziem, kurus v\u0113l\u0101k var ieart zem\u0113 k\u0101 za\u013cm\u0113slojumu, t\u0101 bag\u0101tinot augsni ar organiskaj\u0101m viel\u0101m. T\u0101d\u0101 veid\u0101 to vismaz da\u013c\u0113ji varam atbr\u012bvot no daudzgad\u012bgaj\u0101m un cita veida nez\u0101l\u0113m un to s\u0113kl\u0101m. Tad ar\u012b vajadz\u0113tu veikt augsnes anal\u012bzi, lai vadoties no augsnes anal\u012b\u017eu datiem, var\u0113tu izv\u0113l\u0113ties pareizo pamatm\u0113slo\u0161anas veidu.<\/p>\n\n\n\n<p><strong>St\u0101d\u012b\u0161ana<\/strong><\/p>\n\n\n\n<p>Lai pavasar\u012b tulpes kr\u0101\u0161\u0146i zied\u0113tu t\u0101m nepiecie\u0161ams aukstuma periods, ko t\u0101s pavada zem\u0113, tas ir vismaz 8 ned\u0113\u013cas pie temperat\u016bras, kura ir zem\u0101ka par + 10 gr\u0101diem. Bet vis\u0101di cit\u0101di tulpes var st\u0101d\u012bt jebkur\u0101 laik\u0101, ja vien tik t\u0101s var dab\u016bt zem\u0113 iek\u0161\u0101.<\/p>\n\n\n\n<p>Ide\u0101li ir tad, ja st\u0101da ruden\u012b ar t\u0101du apr\u0113\u0137inu, lai s\u012bpols l\u012bdz zemes sasal\u0161anai var izveidot labu sak\u0146u sist\u0113mu. Visp\u0101r\u012bgi run\u0101jot, tas ir apm\u0113ram divas ned\u0113\u013cas pirms zemes sasal\u0161anas. Es parasti s\u0101ku st\u0101d\u012bt oktobra vid\u016b vai beig\u0101s. Cen\u0161os pabeigt \u0161os darbus l\u012bdz zemes sasal\u0161anai, parasti tas gan ievelkas apm\u0113ram l\u012bdz novembra beig\u0101m. Ja kaut k\u0101du apst\u0101k\u013cu sakrit\u012bbas d\u0113\u013c nav izn\u0101cis laiks t\u0101s iest\u0101d\u012bt ruden\u012b, to v\u0113l var pasp\u0113t izdar\u012bt ar\u012b agri pavasar\u012b. Tad gan zied\u0113\u0161ana b\u016bs v\u0101j\u0101ka un s\u012bpolu pieaugums b\u016bs daudz maz\u0101ks, bet piln\u012bgi dro\u0161i, ka \u0161\u0137irne boj\u0101 neaizies un p\u0113c gada t\u0101 J\u016bs atkal priec\u0113s ar savu kr\u0101\u0161\u0146o zied\u0113\u0161anu. Esmu st\u0101d\u012bjis ar\u012b mart\u0101 un pat apr\u012bli, ko l\u012bdz zeme ir atlaidusies. Mans pavasara st\u0101d\u012bjums ir bijis apbr\u012bnojami vesel\u012bgs, bet k\u0101 jau min\u0113ju, s\u012bpolu pieaugums niec\u012bgs.<\/p>\n\n\n\n<p>S\u012bpolus var st\u0101d\u012bt gan dob\u0113s, gan ar\u012b vag\u0101s, k\u0101 ar\u012b neliel\u0101s grup\u0101s. To var dar\u012bt gan ar \u0161pakte\u013cl\u0101psti\u0146u, gan parasto l\u0101pstu, izrokot bedr\u012btes vai vadzi\u0146as. Lielos s\u012bpolus st\u0101da apm\u0113ram 15 &#8211; 25 cm dzi\u013ci, mazos 10 &#8211; 15 cm dzi\u013ci. Var ar\u012b vienk\u0101r\u0161i norakt zemes virsk\u0101rtu vai ar\u012b uz zemes izkl\u0101t vienm\u0113r\u012bg\u0101 att\u0101lum\u0101 s\u012bpolus, tad uzb\u0113rt vienm\u0113r\u012bgi biezu zemes k\u0101rtu. Katram vienk\u0101r\u0161i j\u0101izv\u0113las savs st\u0101d\u012b\u0161anas pa\u0146\u0113miens.<\/p>\n\n\n\n<p>Kad zemes virsk\u0101rta ir nedaudz uzsalusi, tulpju st\u0101d\u012bjumu var nedaudz nomul\u010d\u0113t ar 5 cm biezu pakai\u0161u k\u016bdru, sasmalcin\u0101tiem salmiem vai koku lap\u0101m. Koku lapas gan pavasar\u012b no dob\u0113m vajadz\u0113tu no\u0146emt nost pavisam vai ar\u012b nogr\u0101bt tuk\u0161aj\u0101s vag\u0101s, ja st\u0101d\u012btas tulpes vag\u0101s. Sasmalcin\u0101tus salmus var veiksm\u012bgi izmantot zemsedzei tikai tad, ja esat p\u0101rliecin\u0101ti, ka J\u016bsu tulpju st\u0101d\u012bjum\u0101 ziem\u0101 neiem\u0101jos peles. T\u0101s var nodar\u012bt lielu postu J\u016bsu tulpju st\u0101d\u012bjumam. Salmi ir \u012bst\u0101 pe\u013cu parad\u012bze! Augsnes mulc\u0113\u0161ana uztur augsni irden\u0101ku, ne\u013cauj tik \u0101tri iz\u017e\u016bt, uztur vienm\u0113r\u012bg\u0101ku temperat\u016bras re\u017e\u012bmu, k\u0101 ar\u012b aizkav\u0113 vai piln\u012bgi nom\u0101c daudzu nez\u0101\u013cu s\u0113klu d\u012bk\u0161anu. Sevi\u0161\u0137i liela noz\u012bme ir vienm\u0113r\u012bg\u0101kam temperat\u016bru re\u017e\u012bmam augsn\u0113, jo bie\u017eie atku\u0161\u0146i ziem\u0101 ne\u013caus saraut trausl\u0101s tulpju saknes. Un tas gan ir svar\u012bgi, jo tulp\u0113m, at\u0161\u0137ir\u012bb\u0101 no narcis\u0113m, apraut\u0101s saknes vair\u0101k neatjaunojas!<\/p>\n\n\n\n<p><strong>Audz\u0113\u0161ana<\/strong><\/p>\n\n\n\n<p>Tulp\u0113m pat\u012bk vienm\u0113r\u012bgs mitrums augsn\u0113, it sevi\u0161\u0137i t\u0101m tas ir nepiecie\u0161ams ziedpumpuru veido\u0161an\u0101s f\u0101z\u0113, k\u0101 ar\u012b jauno s\u012bpolu aug\u0161anas laik\u0101. T\u0101p\u0113c saus\u0101 laik\u0101 b\u016btu nepiecie\u0161ama regul\u0101ra st\u0101d\u012bjumu laist\u012b\u0161ana. Tulpes ir \u013coti iztur\u012bgas pret da\u017e\u0101du s\u0113\u0146u slim\u012bbu ierosin\u0101t\u0101jiem, bet jaunie aizvietot\u0101js\u012bpoli, nevienm\u0113r\u012bga mitruma laik\u0101, strauji briestot saplais\u0101, t\u0101 vairojot iesp\u0113ju infic\u0113ties.<\/p>\n\n\n\n<p>Kaut gan tulpes ir pietieko\u0161i slim\u012bbu iztur\u012bgas, tom\u0113r visu ve\u0123et\u0101cijas laiku r\u016bp\u012bgi j\u0101seko l\u012bdzi to vesel\u012bbas st\u0101voklim. Pan\u012bku\u0161i, augum\u0101 atpalieko\u0161i st\u0101di, deform\u0113tas lapas, br\u016bni plankumi uz t\u0101m, kropli ziedi liek dom\u0101t, ka \u0161ie augi ir slimi, kuri nekav\u0113joties j\u0101izrok un j\u0101izn\u012bcina sadezinot vai norokot vismaz metru dzi\u013ci. Liesmojo\u0161i z\u012bm\u0113jumi uz ziediem ar\u012b var\u0113tu liecin\u0101t par v\u012brusslim\u012bbas kl\u0101t esam\u012bbu. To gan bez attiec\u012bgas pieredzes b\u016bs gr\u016bt\u0101k noteikt, jo daudzas jaun\u0101s \u0161\u0137irnes ir jau kop\u0161 dzim\u0161anas ar da\u017e\u0101diem liesmojo\u0161iem z\u012bm\u0113jumiem, bet ne tuvu nav slimas. \u0160eit vajadz\u0113tu griezties pie pieredz\u0113ju\u0161a speci\u0101lista.<\/p>\n\n\n\n<p>Ve\u0123et\u0101cijas laiks tulp\u0113m ir diezgan \u012bss un beidzas apm\u0113ram m\u0113nesi p\u0113c to nozied\u0113\u0161anas. Kad ziedi s\u0101k p\u0101rzied\u0113t un zaud\u0113 savu dekorativit\u0101ti, tos vajadz\u0113tu nopl\u016bkt vai nolauzt (bet ne griezt ar nazi!) ar pavisam \u012bsu ziedk\u0101tu, t\u0101 dodod augam saprast, ka ir laiks p\u0101rorient\u0113ties un s\u0101kt bar\u012bbas vielas novirz\u012bt jaun\u0101 s\u012bpola veido\u0161anai. Cit\u0101di augs nevajadz\u012bgi daudz bar\u012bbas vielu novirz\u012bs s\u0113klu poga\u013cu veido\u0161anai un s\u012bpoli\u0146u baro\u0161anai to nepietiks, t\u0101p\u0113c tie izaugs pavisam niec\u012bgi. \u0160aj\u0101 laik\u0101 jaunaj\u0101 s\u012bpol\u0101 tiek uzkr\u0101ta ener\u0123ija n\u0101ko\u0161\u0101 gada zieda veido\u0161anai.<\/p>\n\n\n\n<p>Vajadz\u0113tu izvair\u012bties no piln\u012bgi za\u013cu lapu nopl\u016bk\u0161anas vai nop\u013cau\u0161anas, t\u0101d\u0101 veid\u0101 liedzot s\u012bpolam nobriest un sa\u0146emt vajadz\u012bg\u0101s bar\u012bbas vielas ziedaizmet\u0146a veido\u0161anai.<\/p>\n\n\n\n<p>Kad lapas s\u0101k dzelt\u0113t, laist\u012b\u0161anu piln\u012bgi p\u0101rtrauc un \u013cauj s\u012bpolam pak\u0101peniski beigt ve\u0123et\u0101ciju. Tulpju s\u012bpolus s\u0101k norakt kol\u012bdz divas aug\u0161\u0113j\u0101s lapas paliek gai\u0161i dzeltenas. Nevajadz\u0113tu iekav\u0113t s\u012bpolu rak\u0161anu, jo v\u0113l\u0101k p\u0113c lapu piln\u012bgas atmir\u0161anas, tos b\u016bs krietni gr\u016bt\u0101k augsn\u0113 atrast. Ar\u012b s\u012bpolu imunit\u0101te pret da\u017e\u0101d\u0101m infekcij\u0101m mitraj\u0101 augsn\u0113 \u0161ai laik\u0101 krietni samazin\u0101s. Tiem \u0161ai laik\u0101 b\u016btu nepiecie\u0161ams sausums. T\u0101p\u0113c daudz dro\u0161\u0101k tos ir izrakt un glab\u0101t sausum\u0101 l\u012bdz rudenim.<\/p>\n\n\n\n<p><strong>Uzglab\u0101\u0161ana<\/strong><\/p>\n\n\n\n<p>Kad s\u012bpoli ir norakti, tos izkl\u0101j pl\u0101n\u0101 k\u0101rta kast\u012bt\u0113s, ap\u017e\u0101v\u0113 no\u0113not\u0101 viet\u0101 , kur nav caurv\u0113ja un netiek kl\u0101t tie\u0161ie saules stari. Tad tos noloba, atdala vairs\u012bpoli\u0146us un sa\u0161\u0137iro p\u0113c lielumiem. Lielos, ziedo\u0161os s\u012bpolus noliek atst\u0101d\u012b\u0161anai vai realiz\u0101cijai, bet rupj\u0101kos vairs\u012bpoli\u0146us pavairo\u0161anai. Pavisam s\u012bkos vairs\u012bpoli\u0146us parasti pavairo\u0161anai neizmanto, jo tie neattaisno ieguld\u012bto darbu un laiku (ja nav sevi\u0161\u0137i reta, d\u0101rga \u0161\u0137irne). Pavisam s\u012bkie s\u012bpoli\u0146i ziedo\u0161u s\u012bpolu izm\u0113rus sasniegs tikai tre\u0161aj\u0101 gad\u0101. Pie kam j\u0101r\u0113\u0137in\u0101s ar to, ka jau pirmaj\u0101 ziem\u0101 apm\u0113ram 30 % no tiem nesp\u0113s neizdz\u012bvot un aizies boj\u0101.<\/p>\n\n\n\n<p>Oblig\u0101ti j\u0101iev\u0113ro tas, ka noraktos tulpju s\u012bpolus nek\u0101d\u0101 gad\u012bjum\u0101 nedr\u012bkst uzglab\u0101t kop\u0101 ar d\u0101rze\u0146iem vai aug\u013ciem. Visb\u012bstam\u0101kie tiem ir \u0101boli, jo tie visakt\u012bv\u0101k izdala acetil\u0113nu, kur\u0161 pat maz\u0101 koncentr\u0101cij\u0101 ir n\u0101v\u0113jo\u0161s zieda aizmetnim un sp\u0113j to izn\u012bcin\u0101t.<\/p>\n\n\n\n<p>Da\u017ereiz glab\u0101tuv\u0113s uz tulpju s\u012bpoliem atrodami dzintara dzelteni lip\u012bgi \u017eelejas veida izdal\u012bjumi. Tie nav kait\u012bgi un nek\u0101d\u0101 veid\u0101 neietekm\u0113 s\u012bpolu pieaugumu.<\/p>\n\n\n\n<p><strong>Da\u017ei ieteikumi<\/strong><\/p>\n\n\n\n<p>Pl\u0101nojot d\u0101rzu j\u0101patur pr\u0101t\u0101, ka ir agras, vid\u0113ji v\u0113las un v\u0113lu ziedo\u0161as tulpes.<\/p>\n\n\n\n<p>Jo liel\u0101ks s\u012bpols tiks iest\u0101d\u012bts, jo gar\u0101ks ziedk\u0101ts un liel\u0101ks, varen\u0101ks zieds.<\/p>\n\n\n\n<p>Grupu st\u0101d\u012bjumus nevajadz\u0113tu \u013coti satuvin\u0101t, jo tulpes \u0101tri vairojas un p\u0113c p\u0101ris gadiem grupas b\u016bs saaugu\u0161as kop\u0101.<\/p>\n\n\n\n<p>Ja v\u0113laties redz\u0113t nep\u0101rtraukti un ilgsto\u0161u zied\u0113\u0161anu tulpju dobi, j\u0101izv\u0113las pareiz\u0101 laik\u0101 ziedo\u0161as tulpes.<\/p>\n\n\n\n<p>Ja tulpes tiek st\u0101d\u012btas kop\u0101 ar citiem augiem, j\u0101padom\u0101 vai t\u0101s norokot, netiks ar l\u0101pstu vai dak\u0161\u0101m traum\u0113ti blakus augo\u0161i augi.<\/p>\n\n\n\n<p>Tulpes ir lieliski grieztie ziedi, kuri v\u0101z\u0113 var saglab\u0101ties pat ned\u0113\u013cu ilgi, ja \u016bdenim pievieno nedaudz cukuru.<\/p>\n\n\n\n<p><strong>&nbsp;&nbsp;&nbsp;J\u0101nis Duka\u013cskis<br>&nbsp;&nbsp;&nbsp;mob. tel.: 26318938<br>&nbsp;&nbsp;&nbsp;e-pasts:&nbsp;<a href=\"mailto:dukalskis.janis@gmail.com\">dukalskis.janis@gmail.com<\/a><\/strong><\/p>\n","protected":false},"excerpt":{"rendered":"<p>Tulpes Tulpju audz\u0113\u0161ana Izcelsme Tulpju dzimtene ir Centr\u0101l\u0101 \u0100zija un Turcija. 16. gadsimt\u0101 t\u0101s tika ievestas Holand\u0113 un \u013coti \u0101tri k\u013cuva popul\u0101ras. Tulpes savu v\u0101rdu ir aizguvu\u0161as no turku v\u0101rda \u201etulbend\u201d, tas noz\u012bm\u0113 turb\u0101ns (cepure, ko taj\u0101 laik\u0101 lietoja Turcij\u0101). Ziedu forma atg\u0101dina \u0161o cepuri. Da\u017ei autori uzskata, ka tulpes savu uzvaras g\u0101jienu uz Holandi [&hellip;]<\/p>\n","protected":false},"author":1,"featured_media":0,"parent":0,"menu_order":0,"comment_status":"closed","ping_status":"closed","template":"page-templates\/full-width.php","meta":{"footnotes":""},"class_list":["post-643","page","type-page","status-publish","hentry"],"_links":{"self":[{"href":"https:\/\/daugmalespeonijas.lv\/wp\/index.php?rest_route=\/wp\/v2\/pages\/643","targetHints":{"allow":["GET"]}}],"collection":[{"href":"https:\/\/daugmalespeonijas.lv\/wp\/index.php?rest_route=\/wp\/v2\/pages"}],"about":[{"href":"https:\/\/daugmalespeonijas.lv\/wp\/index.php?rest_route=\/wp\/v2\/types\/page"}],"author":[{"embeddable":true,"href":"https:\/\/daugmalespeonijas.lv\/wp\/index.php?rest_route=\/wp\/v2\/users\/1"}],"replies":[{"embeddable":true,"href":"https:\/\/daugmalespeonijas.lv\/wp\/index.php?rest_route=%2Fwp%2Fv2%2Fcomments&post=643"}],"version-history":[{"count":5,"href":"https:\/\/daugmalespeonijas.lv\/wp\/index.php?rest_route=\/wp\/v2\/pages\/643\/revisions"}],"predecessor-version":[{"id":1866,"href":"https:\/\/daugmalespeonijas.lv\/wp\/index.php?rest_route=\/wp\/v2\/pages\/643\/revisions\/1866"}],"wp:attachment":[{"href":"https:\/\/daugmalespeonijas.lv\/wp\/index.php?rest_route=%2Fwp%2Fv2%2Fmedia&parent=643"}],"curies":[{"name":"wp","href":"https:\/\/api.w.org\/{rel}","templated":true}]}}