{"id":508,"date":"2022-02-03T12:35:29","date_gmt":"2022-02-03T10:35:29","guid":{"rendered":"https:\/\/daugmalespeonijas.lv\/wp\/?page_id=508"},"modified":"2023-06-16T18:49:05","modified_gmt":"2023-06-16T15:49:05","slug":"peoniju-audzesana","status":"publish","type":"page","link":"https:\/\/daugmalespeonijas.lv\/wp\/?page_id=508","title":{"rendered":"Peoniju audz\u0113\u0161ana"},"content":{"rendered":"\n<h2 class=\"wp-block-heading has-text-align-center\" id=\"peonijas-pujenes-pojenes\">Peonijas &#8211; pujenes &#8211; pojenes<\/h2>\n\n\n<style type=\"text\/css\">\n#foogallery-gallery-505 .fg-image { width: 150px; }\n#foogallery-gallery-505 { --fg-gutter: 10px; }<\/style>\n\t\t\t<div class=\"foogallery foogallery-container foogallery-default foogallery-lightbox-foobox fg-center fg-default fg-ready fg-light fg-border-thin fg-shadow-outline fg-loading-default fg-loaded-fade-in fg-caption-hover fg-hover-fade fg-hover-zoom\" id=\"foogallery-gallery-505\" data-foogallery=\"{&quot;item&quot;:{&quot;showCaptionTitle&quot;:true,&quot;showCaptionDescription&quot;:true},&quot;lazy&quot;:true}\" style=\"--fg-title-line-clamp: 0; --fg-description-line-clamp: 0;\" >\n\t<div class=\"fg-item fg-type-image fg-idle\"><figure class=\"fg-item-inner\"><a href=\"https:\/\/daugmalespeonijas.lv\/wp\/wp-content\/uploads\/2022\/02\/DSCF0052.jpg\" data-caption-title=\"Pirm\u0101 s\u0113klaud\u017eu izst\u0101d\u012b\u0161ana 2006. gad\u0101\" data-attachment-id=\"506\" data-type=\"image\" class=\"fg-thumb\"><span class=\"fg-image-wrap\"><img decoding=\"async\" title=\"Pirm\u0101 s\u0113klaud\u017eu izst\u0101d\u012b\u0161ana 2006. gad\u0101\" width=\"150\" height=\"150\" class=\"skip-lazy fg-image\" data-src-fg=\"https:\/\/daugmalespeonijas.lv\/wp\/wp-content\/uploads\/cache\/2022\/02\/DSCF0052\/619164551.jpg\" src=\"data:image\/svg+xml,%3Csvg%20xmlns%3D%22http%3A%2F%2Fwww.w3.org%2F2000%2Fsvg%22%20width%3D%22150%22%20height%3D%22150%22%20viewBox%3D%220%200%20150%20150%22%3E%3C%2Fsvg%3E\" loading=\"eager\"><\/span><span class=\"fg-image-overlay\"><\/span><\/a><figcaption class=\"fg-caption\"><div class=\"fg-caption-inner\"><div class=\"fg-caption-title\">Pirm\u0101 s\u0113klaud\u017eu izst\u0101d\u012b\u0161ana 2006. gad\u0101<\/div><\/div><\/figcaption><\/figure><div class=\"fg-loader\"><\/div><\/div><div class=\"fg-item fg-type-image fg-idle\"><figure class=\"fg-item-inner\"><a href=\"https:\/\/daugmalespeonijas.lv\/wp\/wp-content\/uploads\/2022\/02\/DSCF0245.jpg\" data-caption-title=\"Peoniju st\u0101d\u012bjums uz tulpju fona\" data-attachment-id=\"507\" data-type=\"image\" class=\"fg-thumb\"><span class=\"fg-image-wrap\"><img decoding=\"async\" title=\"Peoniju st\u0101d\u012bjums uz tulpju fona\" width=\"150\" height=\"150\" class=\"skip-lazy fg-image\" data-src-fg=\"https:\/\/daugmalespeonijas.lv\/wp\/wp-content\/uploads\/cache\/2022\/02\/DSCF0245\/929604621.jpg\" src=\"data:image\/svg+xml,%3Csvg%20xmlns%3D%22http%3A%2F%2Fwww.w3.org%2F2000%2Fsvg%22%20width%3D%22150%22%20height%3D%22150%22%20viewBox%3D%220%200%20150%20150%22%3E%3C%2Fsvg%3E\" loading=\"eager\"><\/span><span class=\"fg-image-overlay\"><\/span><\/a><figcaption class=\"fg-caption\"><div class=\"fg-caption-inner\"><div class=\"fg-caption-title\">Peoniju st\u0101d\u012bjums uz tulpju fona<\/div><\/div><\/figcaption><\/figure><div class=\"fg-loader\"><\/div><\/div><\/div>\n\n\n\n\n<h2 class=\"wp-block-heading has-text-align-center\" id=\"isi-par-peoniju-audzesanu\">\u012asi par peoniju audz\u0113\u0161anu<\/h2>\n\n\n\n<p><strong><mark style=\"background-color:rgba(0, 0, 0, 0)\" class=\"has-inline-color has-vivid-red-color\">Uzman\u012bbu! No \u0161\u012b gada 15. j\u016bnija ir main\u012bju\u0161ies noteikumi kolekcijas d\u0101rz\u0101. Fotograf\u0113\u0161an\u0101s ir at\u013cauta tikai fotosesij\u0101m par maksu 25 eiro stund\u0101! Par\u0113jie apmekl\u0113t\u0101ji to dr\u012bkst\u0113s dar\u012bt <\/mark><\/strong><mark style=\"background-color:rgba(0, 0, 0, 0)\" class=\"has-inline-color has-vivid-red-color\"><strong>tikai<\/strong> <strong>ar telefoniem!<\/strong> <\/mark><\/p>\n\n\n\n<p><strong><mark style=\"background-color:rgba(0, 0, 0, 0)\" class=\"has-inline-color has-vivid-red-color\">No 16. j\u016bnija b\u016bs \u013coti ierobe\u017eots st\u0101daudz\u0113tavas apmekl\u0113jums ar su\u0146iem! Ir konstat\u0113ti uzbrukumi m\u016bsu m\u0101jdz\u012bvniekiem!<\/mark><\/strong><mark style=\"background-color:rgba(0, 0, 0, 0)\" class=\"has-inline-color has-vivid-red-color\"> <\/mark><\/p>\n\n\n\n<p>Peonijas \u2013 lab\u0101kie kompanjoni ziemcie\u0161u st\u0101d\u012bjumos. Peonijas vislab\u0101k kombin\u0113t ar Sib\u012brijas \u012brisiem, dienzied\u0113m, host\u0101m, flok\u0161iem un cit\u0101m sader\u012bg\u0101m ziemciet\u0113m. Piem\u0113ram, divm\u0101ju kazb\u0101rdi st\u0101da tum\u0161ziedu peoniju fon\u0101. Peoniju pacer\u0113 l\u012bdz to sakuplo\u0161anai var audz\u0113t da\u017e\u0101das agr\u0101s pavasara s\u012bpolpu\u0137es, piem\u0113ram, sniedz\u012btes, zilsniedz\u012btes, pu\u0161k\u012bnijas, krokusus, hiacintes, muskares. Starp peonij\u0101m iederas ar\u012b tulpes un narcises, bet vasar\u0101 uz peoniju fona labi izce\u013cas lilijas.<\/p>\n\n\n\n<p>Latvijas d\u0101rzos un apst\u0101d\u012bjumos d\u0101rza peonijas ir pirmaj\u0101 desmitniek\u0101 p\u0113c popularit\u0101tes un ir vienas no iem\u012b\u013cot\u0101kajiem kr\u0101\u0161\u0146umaugiem. Daudz\u0101m peoniju \u0161\u0137irn\u0113m ir \u013coti gais\u012bga, pat\u012bkama smar\u017ea, es pat teiktu, ka t\u0101 ir pat\u012bkami reibino\u0161a. Un tad ja v\u0113l \u0146em v\u0113r\u0101 lielo formu un tipu daudzveid\u012bbu, tad tie ir neaizst\u0101jami d\u0101rza augi.<\/p>\n\n\n\n<p>Peonijas ir ilgm\u016b\u017e\u012bgas cerveida ziemcietes, kuras ilgi saglab\u0101 dekorativit\u0101ti. T\u0101m ir gumsaknes ar dzi\u013cu, pla\u0161i sazarotu sak\u0146u sist\u0113mu. Peonijas ir gl\u012btas ne tikai ziedot \u2013 izskat\u012bgu lapojumu t\u0101s saglab\u0101 l\u012bdz rudenim. Vien\u012bg\u0101 nepiln\u012bba lielziedu, pild\u012btaj\u0101m peoniju \u0161\u0137irn\u0113m ir t\u0101, ka daudz\u0101m, l\u012bdz \u0161im Latvij\u0101 izplat\u012bt\u0101m, \u0161\u0137irn\u0113m ir to ziedk\u0101tu nenotur\u012bba \u2013 k\u0101ti nesp\u0113j notur\u0113t skaist\u0101s, smag\u0101s ziedu galvas. Jo \u012bpa\u0161i tas boj\u0101 \u0161o skaistumu lietain\u0101 vasar\u0101. T\u0101p\u0113c selekcion\u0101ri cen\u0161as izaudz\u0113t \u0161\u0137irnes, kuras b\u016btu notur\u012bgas bez speci\u0101liem balstiem (vienk\u0101r\u0161\u0101s un Jap\u0101nas tipa), k\u0101 ar\u012b zem\u0101ka auguma \u0161\u0137irnes (l\u012bdz 50 cm).<\/p>\n\n\n\n<p>Kr\u0101\u0161\u0146\u0101s peonijas iepriecina ar daudzveid\u012bgo kr\u0101su un izsmalcin\u0101to smar\u017eu no agra pavasara l\u012bdz pat v\u0113lam rudenim. Peonija labi iederas gan lielos, gan mazos st\u0101d\u012bjumos. M\u016bsu aiz\u0146emt\u012bbas laikmet\u0101 liela noz\u012bme ir t\u0101s ilgm\u016b\u017e\u012bbai &#8211; ja peoniju cers ir r\u016bp\u012bgi un pareizi kopts, vien\u0101 viet\u0101 tas var augt un bag\u0101t\u012bgi zied\u0113t pat desmitiem gadu. Peoniju augstums var sv\u0101rst\u012bties no 40-50 cm l\u012bdz pat vda\u017eiem metriem un  ziedu lielums var b\u016bt no da\u017eiem centimetriem l\u012bdz pat 30 cm diametram.<\/p>\n\n\n\n<p><strong>Vietas izv\u0113le<\/strong><\/p>\n\n\n\n<p>Lakstveida peonijas (pujenes) var augt vien\u0101 viet\u0101 diezgan ilgu laika, t\u0101p\u0113c ir \u013coti liela noz\u012bme vietas izv\u0113lei. Peonijas vislab\u0101k padodas saulain\u0101 viet\u0101. Nevajadz\u0113tu pujenes st\u0101d\u012bt tuvu kokiem vai kr\u016bmiem, jo vi\u0146as necie\u0161 sacens\u012bbu c\u012b\u0146\u0101 par bar\u012bbas viel\u0101m un mitrumu. Pujenes t\u0101pat ar\u012b necie\u0161 vietas, kur uzkr\u0101jas \u016bdens. \u0160\u0101d\u0101s viet\u0101s augam saknes s\u0101k p\u016bt un augs var aiziet boj\u0101. Ja jums tom\u0113r neizdev\u0101s sav\u0101 d\u0101rz\u0101 atrast ide\u0101li piem\u0113rotu vietu, tad tom\u0113r nodro\u0161iniet labu dren\u0101\u017eu puje\u0146u st\u0101d\u012b\u0161anas viet\u0101.<\/p>\n\n\n\n<p><strong>Augsne<\/strong><\/p>\n\n\n\n<p>Peonijas labi aug praktiski vis\u0101s augsn\u0113s, kuras ir bag\u0101tas ar bar\u012bbas viel\u0101m, bet vair\u0101k piem\u0113rota skait\u0101s smil\u0161m\u0101la augsne. Ja j\u016bsu d\u0101rz\u0101 augsne ir smaga, m\u0101laina, tad pirms puje\u0146u st\u0101d\u012b\u0161anas vi\u0146u vajag \u201eatvieglot\u201d \u2013 pievienojot k\u016bdru, tr\u016bdvielas un granti. Ja j\u016bsu v\u0113lamais lauci\u0146\u0161 atrodas viet\u0101, kur domin\u0113 smiltis, bet Latvij\u0101 tas nav retums \u2013 vajag pievienot m\u0101lu, k\u016bdru un tr\u016bdvielu kompostu. Peonijas priek\u0161roku dod neitr\u0101l\u0101m augsn\u0113m pH (6 \u2013 7). Tagad jebkur\u0101 d\u0101rzkop\u012bbas veikal\u0101 ir iesp\u0113jams ieg\u0101d\u0101ties  k\u016bdru ar da\u017e\u0101du pH. Puje\u0146u st\u0101d\u012b\u0161anai j\u0101p\u0113rk k\u016bdra ar neitr\u0101lu pH.<\/p>\n\n\n\n<p><strong>St\u0101d\u012b\u0161ana<\/strong><\/p>\n\n\n\n<p>Atkar\u012bb\u0101 no \u0161\u0137irnes un augsnes \u012bpa\u0161\u012bb\u0101m peonijas st\u0101da 60-100 cm citu no citas. Vislab\u0101k st\u0101d\u012bt augusta beig\u0101s vai septembra m\u0113nes\u012b. Aizvietojo\u0161ie pumpuri augsn\u0113 atrodas sekli, t\u0101p\u0113c, p\u0101rst\u0101dot peonijas, j\u0101raug\u0101s, lai tie neb\u016btu dzi\u013c\u0101k par 7 cm (smil\u0161ain\u0101s augsn\u0113s), bet smag\u0101s \u2013 ne dzi\u013cak par 5 cm.<\/p>\n\n\n\n<p>P\u0113c tam, kad esat izv\u0113l\u0113ju\u0161ies st\u0101d\u012b\u0161anas vietu, nepiecie\u0161ams pareizi sagatavot st\u0101d\u012b\u0161anas bedri. \u0145emot v\u0113r\u0101 to, ka peoniju sak\u0146u sist\u0113ma saaugs platum\u0101 un dzi\u013cum\u0101 l\u012bdz 70 cm. Izrok bedri, kurai 2\/3 aizpilda ar augsnes mais\u012bjumu, kur\u0161 sast\u0101v no vien\u0101d\u0101m da\u013c\u0101m lapu zemes un tr\u016bdviel\u0101m, kur\u0101m ir pievienoti pelni vai kompleksie miner\u0101lm\u0113sli (da\u017eas saujas). Aug\u0161\u0113jo sl\u0101ni st\u0101d\u0101majai bedrei aizpilda ar t\u012bru augl\u012bgu augsni, kura nesatur m\u0113slojumu. Saknes j\u0101izkl\u0101j t\u0101d\u0101 veid\u0101, lai pumpuri atrastos 5 cm zem augsnes l\u012bme\u0146a. \u013boti svar\u012bgi ir, lai neiest\u0101d\u012btu p\u0101r\u0101k dzi\u013ci, sav\u0101d\u0101k peonijas vienk\u0101r\u0161i nezied\u0113s. P\u0113c iest\u0101d\u012b\u0161anas peonijas bag\u0101t\u012bgi laista un mul\u010d\u0113 ar sausu neitr\u0101lu k\u016bdru vai mizu mul\u010du.<\/p>\n\n\n\n<p><strong>Pavairo\u0161ana<\/strong><\/p>\n\n\n\n<p>Lab\u0101kais laiks, lai sakneni dal\u012btu ir augusta beigas \u2013 septembris. Vienk\u0101r\u0161\u0101kais pavairo\u0161anas veids ir ceru dal\u012b\u0161ana. Peonijas ceru uzman\u012bgi izrok, nopurina augsni un sadala ar nazi. J\u0101raug\u0101s, lai atdale\u0146iem b\u016btu vismaz viens pumpurs (lab\u0101k 2-3). Gar\u0101s saknes sa\u012bsina l\u012bdz 20 cm. Laikus p\u0101rst\u0101dot (vasaras beig\u0101s vai agr\u0101 ruden\u012b) bag\u0101t\u012bgu zied\u0113\u0161anu, pat labv\u0113l\u012bgos apst\u0101k\u013cos, var sagaid\u012bt tikai otraj\u0101 vai tre\u0161aj\u0101 gad\u0101 p\u0113c p\u0101\u0157st\u0101d\u012b\u0161anas. Vislab\u0101kos atdale\u0146us iesp\u0113jams ieg\u016bt no tr\u012bs l\u012bdz \u010detrus gadus veciem st\u0101diem.<\/p>\n\n\n\n<p>Vecus augus var dal\u012bt da\u013c\u0113ji. Ceru atrok no vienas puses un ar nazi nogrie\u017e da\u013cu sakne\u0146a, kuru p\u0113c tam var sadal\u012bt s\u012bk\u0101k.<\/p>\n\n\n\n<p>Peoniju saknes ir \u013coti trauslas, t\u0101p\u0113c iz\u0146emot pamata sakne\u0146us, tas j\u0101dara \u013coti uzman\u012bgi. Sakne\u0146us r\u016bp\u012bgi nomazg\u0101 un novieto 2 \u2013 3 stundas \u0113nain\u0101 viet\u0101, lai saknes k\u013c\u016btu nedaudz elast\u012bgas un, lai pie sekojo\u0161\u0101s dal\u012b\u0161anas nel\u016bstu. Svaigos griezumus un ievainojumus aizr\u012bv\u0113 ar saberztu kokogli. Pirms st\u0101d\u012b\u0161anas st\u0101d\u0101mo materi\u0101lu, profilaktiskos nol\u016bkos,  apstr\u0101d\u0101 pret s\u0113n\u012b\u0161u slim\u012bb\u0101m \u2013 kodinot 1% vara vitriola \u0161\u0137\u012bdum\u0101 vai m\u0113rc\u0113jot k\u0101lija permangan\u0101ta \u0161\u0137\u012bdum\u0101.<\/p>\n\n\n\n<p><strong>Kop\u0161ana<\/strong><\/p>\n\n\n\n<p>Pieaugu\u0161u peoniju kr\u016bmu kop\u0161ana balst\u0101s uz to laist\u012b\u0161anu, aprav\u0113\u0161anu, m\u0113slo\u0161anu, ru\u0161in\u0101\u0161anu un augsnes mulc\u0113\u0161anu. Pujenei nav nepiecie\u0161ama bie\u017ea laist\u012b\u0161ana, bet toties ir nepiecie\u0161ama bag\u0101t\u012bga laist\u012b\u0161ana. Ir piln\u012bgi pietieko\u0161i, ja sausuma period\u0101 zem katra kr\u016bma izlej 2-3 spai\u0146us \u016bdens, un augam nepiecie\u0161amais mitrums tiks nodro\u0161in\u0101ts.<\/p>\n\n\n\n<p>Vair\u0101k uzman\u012bbas ir nepiecie\u0161ams jaun\u0101m peonij\u0101m. Vi\u0146\u0101m p\u0113c p\u0101rst\u0101d\u012b\u0161anas pirmos divus gadus nevajadz\u0113tu \u013caut zied\u0113t. Rekomend\u0113 pat izlaust visus pumpurus, kad tie sasniedz zir\u0146a grauda lielumu. Bet god\u012bgi sakot, man nec\u0113l\u0101s roka to dar\u012bt, jo grib\u0113j\u0101s redz\u0113t k\u0101di izskat\u012bsies ziedi. Ja atst\u0101siet pa vienam pumpuram un \u013causiet vi\u0146am uzplaukt, bet p\u0113c tam vi\u0146u nogriez\u012bsiet, ne\u013caujot izveidoties s\u0113kl\u0101m, nekas \u013cauns nenotiks un augs norm\u0101li att\u012bst\u012bsies t\u0101l\u0101k.<\/p>\n\n\n\n<p>Peonijas k\u0101ts zied\u0113\u0161anas laik\u0101 ne vienm\u0113r var notur\u0113t lielos, kuplos un lieliskos ziedus. T\u0101p\u0113c jau pumpuru veido\u0161an\u0101s laik\u0101 zem kr\u016bma vajag novietot balstus. Grie\u017eot ziedus, kr\u016bm\u0101 vajadz\u0113tu atst\u0101t ne maz\u0101k k\u0101 pusi no ziedk\u0101tiem, lai augs nenov\u0101jin\u0101tos un s\u0101ktu veidot jaunus sak\u0146u pumpurus n\u0101kamajai zied\u0113\u0161anas sezonai. V\u0113lu ruden\u012b, kad ir pirm\u0101s salnas, virszemes kr\u016bma da\u013cu nogrie\u017e un sadedzina. Jaunos st\u0101d\u012bjumus ieteicams uz ziemu apkl\u0101t ar k\u016bdru vai tr\u016bdviel\u0101m, bet pavasar\u012b, tikl\u012bdz sniegs nokus\u012bs, to piln\u012bgi vai da\u013c\u0113ji no\u0146emt.<\/p>\n\n\n\n<p><strong>&nbsp;&nbsp;J\u0101nis Duka\u013cskis<br>&nbsp;&nbsp;&nbsp;mob. tel.: 26318938<br>&nbsp;&nbsp;&nbsp;e-pasts:&nbsp;<a href=\"mailto:dukalskis.janis@gmail.com\">dukalskis.janis@gmail.com<\/a><\/strong><\/p>\n","protected":false},"excerpt":{"rendered":"<p>Peonijas &#8211; pujenes &#8211; pojenes \u012asi par peoniju audz\u0113\u0161anu Uzman\u012bbu! No \u0161\u012b gada 15. j\u016bnija ir main\u012bju\u0161ies noteikumi kolekcijas d\u0101rz\u0101. Fotograf\u0113\u0161an\u0101s ir at\u013cauta tikai fotosesij\u0101m par maksu 25 eiro stund\u0101! Par\u0113jie apmekl\u0113t\u0101ji to dr\u012bkst\u0113s dar\u012bt tikai ar telefoniem! No 16. j\u016bnija b\u016bs \u013coti ierobe\u017eots st\u0101daudz\u0113tavas apmekl\u0113jums ar su\u0146iem! Ir konstat\u0113ti uzbrukumi m\u016bsu m\u0101jdz\u012bvniekiem! Peonijas \u2013 [&hellip;]<\/p>\n","protected":false},"author":1,"featured_media":0,"parent":0,"menu_order":0,"comment_status":"closed","ping_status":"closed","template":"page-templates\/full-width.php","meta":{"footnotes":""},"class_list":["post-508","page","type-page","status-publish","hentry"],"_links":{"self":[{"href":"https:\/\/daugmalespeonijas.lv\/wp\/index.php?rest_route=\/wp\/v2\/pages\/508","targetHints":{"allow":["GET"]}}],"collection":[{"href":"https:\/\/daugmalespeonijas.lv\/wp\/index.php?rest_route=\/wp\/v2\/pages"}],"about":[{"href":"https:\/\/daugmalespeonijas.lv\/wp\/index.php?rest_route=\/wp\/v2\/types\/page"}],"author":[{"embeddable":true,"href":"https:\/\/daugmalespeonijas.lv\/wp\/index.php?rest_route=\/wp\/v2\/users\/1"}],"replies":[{"embeddable":true,"href":"https:\/\/daugmalespeonijas.lv\/wp\/index.php?rest_route=%2Fwp%2Fv2%2Fcomments&post=508"}],"version-history":[{"count":8,"href":"https:\/\/daugmalespeonijas.lv\/wp\/index.php?rest_route=\/wp\/v2\/pages\/508\/revisions"}],"predecessor-version":[{"id":2511,"href":"https:\/\/daugmalespeonijas.lv\/wp\/index.php?rest_route=\/wp\/v2\/pages\/508\/revisions\/2511"}],"wp:attachment":[{"href":"https:\/\/daugmalespeonijas.lv\/wp\/index.php?rest_route=%2Fwp%2Fv2%2Fmedia&parent=508"}],"curies":[{"name":"wp","href":"https:\/\/api.w.org\/{rel}","templated":true}]}}