{"id":487,"date":"2022-02-03T11:17:08","date_gmt":"2022-02-03T09:17:08","guid":{"rendered":"https:\/\/daugmalespeonijas.lv\/wp\/?page_id=487"},"modified":"2022-02-03T11:23:35","modified_gmt":"2022-02-03T09:23:35","slug":"daliju-audzesana","status":"publish","type":"page","link":"https:\/\/daugmalespeonijas.lv\/wp\/?page_id=487","title":{"rendered":"D\u0101liju audz\u0113\u0161ana"},"content":{"rendered":"\n<h2 class=\"has-text-align-center wp-block-heading\" id=\"dalijas-dahlia\">D\u0101lijas (<em>dahlia<\/em>)<\/h2>\n\n\n<style type=\"text\/css\">\n#foogallery-gallery-492 .fg-image { width: 150px; }\n#foogallery-gallery-492 { --fg-gutter: 10px; }<\/style>\n\t\t\t<div class=\"foogallery foogallery-container foogallery-default foogallery-lightbox-foobox fg-center fg-default fg-ready fg-light fg-border-thin fg-shadow-outline fg-loading-default fg-loaded-fade-in fg-caption-hover fg-hover-fade fg-hover-zoom\" id=\"foogallery-gallery-492\" data-foogallery=\"{&quot;item&quot;:{&quot;showCaptionTitle&quot;:true,&quot;showCaptionDescription&quot;:true},&quot;lazy&quot;:true}\" style=\"--fg-title-line-clamp: 0; --fg-description-line-clamp: 0;\" >\n\t<div class=\"fg-item fg-type-image fg-idle\"><figure class=\"fg-item-inner\"><a href=\"https:\/\/daugmalespeonijas.lv\/wp\/wp-content\/uploads\/2022\/02\/Dalija_Fuzzy_Wuzzy_10c.jpg\" data-caption-title=\"Fuzzy Wuzzy\" data-attachment-id=\"493\" data-type=\"image\" class=\"fg-thumb\"><span class=\"fg-image-wrap\"><img decoding=\"async\" title=\"Fuzzy Wuzzy\" width=\"150\" height=\"150\" class=\"skip-lazy fg-image\" data-src-fg=\"https:\/\/daugmalespeonijas.lv\/wp\/wp-content\/uploads\/cache\/2022\/02\/Dalija_Fuzzy_Wuzzy_10c\/2340764917.jpg\" src=\"data:image\/svg+xml,%3Csvg%20xmlns%3D%22http%3A%2F%2Fwww.w3.org%2F2000%2Fsvg%22%20width%3D%22150%22%20height%3D%22150%22%20viewBox%3D%220%200%20150%20150%22%3E%3C%2Fsvg%3E\" loading=\"eager\"><\/span><span class=\"fg-image-overlay\"><\/span><\/a><figcaption class=\"fg-caption\"><div class=\"fg-caption-inner\"><div class=\"fg-caption-title\">Fuzzy Wuzzy<\/div><\/div><\/figcaption><\/figure><div class=\"fg-loader\"><\/div><\/div><div class=\"fg-item fg-type-image fg-idle\"><figure class=\"fg-item-inner\"><a href=\"https:\/\/daugmalespeonijas.lv\/wp\/wp-content\/uploads\/2022\/02\/Dalija_Gay_Princess_5.jpg\" data-caption-title=\"Gay Princess\" data-attachment-id=\"494\" data-type=\"image\" class=\"fg-thumb\"><span class=\"fg-image-wrap\"><img decoding=\"async\" title=\"Gay Princess\" width=\"150\" height=\"150\" class=\"skip-lazy fg-image\" data-src-fg=\"https:\/\/daugmalespeonijas.lv\/wp\/wp-content\/uploads\/cache\/2022\/02\/Dalija_Gay_Princess_5\/2409038889.jpg\" src=\"data:image\/svg+xml,%3Csvg%20xmlns%3D%22http%3A%2F%2Fwww.w3.org%2F2000%2Fsvg%22%20width%3D%22150%22%20height%3D%22150%22%20viewBox%3D%220%200%20150%20150%22%3E%3C%2Fsvg%3E\" loading=\"eager\"><\/span><span class=\"fg-image-overlay\"><\/span><\/a><figcaption class=\"fg-caption\"><div class=\"fg-caption-inner\"><div class=\"fg-caption-title\">Gay Princess<\/div><\/div><\/figcaption><\/figure><div class=\"fg-loader\"><\/div><\/div><div class=\"fg-item fg-type-image fg-idle\"><figure class=\"fg-item-inner\"><a href=\"https:\/\/daugmalespeonijas.lv\/wp\/wp-content\/uploads\/2022\/02\/Dalijas_2014_f2.jpg\" data-caption-title=\"D\u0101lijas Daugmal\u0113\" data-attachment-id=\"495\" data-type=\"image\" class=\"fg-thumb\"><span class=\"fg-image-wrap\"><img decoding=\"async\" title=\"D\u0101lijas Daugmal\u0113\" width=\"150\" height=\"150\" class=\"skip-lazy fg-image\" data-src-fg=\"https:\/\/daugmalespeonijas.lv\/wp\/wp-content\/uploads\/cache\/2022\/02\/Dalijas_2014_f2\/3898657661.jpg\" src=\"data:image\/svg+xml,%3Csvg%20xmlns%3D%22http%3A%2F%2Fwww.w3.org%2F2000%2Fsvg%22%20width%3D%22150%22%20height%3D%22150%22%20viewBox%3D%220%200%20150%20150%22%3E%3C%2Fsvg%3E\" loading=\"eager\"><\/span><span class=\"fg-image-overlay\"><\/span><\/a><figcaption class=\"fg-caption\"><div class=\"fg-caption-inner\"><div class=\"fg-caption-title\">D\u0101lijas Daugmal\u0113<\/div><\/div><\/figcaption><\/figure><div class=\"fg-loader\"><\/div><\/div><div class=\"fg-item fg-type-image fg-idle\"><figure class=\"fg-item-inner\"><a href=\"https:\/\/daugmalespeonijas.lv\/wp\/wp-content\/uploads\/2022\/02\/Dalijas_gladiolas.jpg\" data-caption-title=\"D\u0101lijas un gladiolas\" data-attachment-id=\"496\" data-type=\"image\" class=\"fg-thumb\"><span class=\"fg-image-wrap\"><img decoding=\"async\" title=\"D\u0101lijas un gladiolas\" width=\"150\" height=\"150\" class=\"skip-lazy fg-image\" data-src-fg=\"https:\/\/daugmalespeonijas.lv\/wp\/wp-content\/uploads\/cache\/2022\/02\/Dalijas_gladiolas\/2341017184.jpg\" src=\"data:image\/svg+xml,%3Csvg%20xmlns%3D%22http%3A%2F%2Fwww.w3.org%2F2000%2Fsvg%22%20width%3D%22150%22%20height%3D%22150%22%20viewBox%3D%220%200%20150%20150%22%3E%3C%2Fsvg%3E\" loading=\"eager\"><\/span><span class=\"fg-image-overlay\"><\/span><\/a><figcaption class=\"fg-caption\"><div class=\"fg-caption-inner\"><div class=\"fg-caption-title\">D\u0101lijas un gladiolas<\/div><\/div><\/figcaption><\/figure><div class=\"fg-loader\"><\/div><\/div><div class=\"fg-item fg-type-image fg-idle\"><figure class=\"fg-item-inner\"><a href=\"https:\/\/daugmalespeonijas.lv\/wp\/wp-content\/uploads\/2022\/02\/Dalijas_zied.jpg\" data-caption-title=\"D\u0101lijas zied\" data-attachment-id=\"497\" data-type=\"image\" class=\"fg-thumb\"><span class=\"fg-image-wrap\"><img decoding=\"async\" title=\"D\u0101lijas zied\" width=\"150\" height=\"150\" class=\"skip-lazy fg-image\" data-src-fg=\"https:\/\/daugmalespeonijas.lv\/wp\/wp-content\/uploads\/cache\/2022\/02\/Dalijas_zied\/3314894022.jpg\" src=\"data:image\/svg+xml,%3Csvg%20xmlns%3D%22http%3A%2F%2Fwww.w3.org%2F2000%2Fsvg%22%20width%3D%22150%22%20height%3D%22150%22%20viewBox%3D%220%200%20150%20150%22%3E%3C%2Fsvg%3E\" loading=\"eager\"><\/span><span class=\"fg-image-overlay\"><\/span><\/a><figcaption class=\"fg-caption\"><div class=\"fg-caption-inner\"><div class=\"fg-caption-title\">D\u0101lijas zied<\/div><\/div><\/figcaption><\/figure><div class=\"fg-loader\"><\/div><\/div><div class=\"fg-item fg-type-image fg-idle\"><figure class=\"fg-item-inner\"><a href=\"https:\/\/daugmalespeonijas.lv\/wp\/wp-content\/uploads\/2022\/02\/Daliju_stadisana.jpg\" data-caption-title=\"D\u0101liju st\u0101d\u012b\u0161ana\" data-attachment-id=\"498\" data-type=\"image\" class=\"fg-thumb\"><span class=\"fg-image-wrap\"><img decoding=\"async\" title=\"D\u0101liju st\u0101d\u012b\u0161ana\" width=\"150\" height=\"150\" class=\"skip-lazy fg-image\" data-src-fg=\"https:\/\/daugmalespeonijas.lv\/wp\/wp-content\/uploads\/cache\/2022\/02\/Daliju_stadisana\/3480654482.jpg\" src=\"data:image\/svg+xml,%3Csvg%20xmlns%3D%22http%3A%2F%2Fwww.w3.org%2F2000%2Fsvg%22%20width%3D%22150%22%20height%3D%22150%22%20viewBox%3D%220%200%20150%20150%22%3E%3C%2Fsvg%3E\" loading=\"eager\"><\/span><span class=\"fg-image-overlay\"><\/span><\/a><figcaption class=\"fg-caption\"><div class=\"fg-caption-inner\"><div class=\"fg-caption-title\">D\u0101liju st\u0101d\u012b\u0161ana<\/div><\/div><\/figcaption><\/figure><div class=\"fg-loader\"><\/div><\/div><div class=\"fg-item fg-type-image fg-idle\"><figure class=\"fg-item-inner\"><a href=\"https:\/\/daugmalespeonijas.lv\/wp\/wp-content\/uploads\/2022\/02\/DSCF8958.jpg\" data-caption-title=\"D\u0101lijas Daugmal\u0113\" data-attachment-id=\"499\" data-type=\"image\" class=\"fg-thumb\"><span class=\"fg-image-wrap\"><img decoding=\"async\" title=\"D\u0101lijas Daugmal\u0113\" width=\"150\" height=\"150\" class=\"skip-lazy fg-image\" data-src-fg=\"https:\/\/daugmalespeonijas.lv\/wp\/wp-content\/uploads\/cache\/2022\/02\/DSCF8958\/2544896583.jpg\" src=\"data:image\/svg+xml,%3Csvg%20xmlns%3D%22http%3A%2F%2Fwww.w3.org%2F2000%2Fsvg%22%20width%3D%22150%22%20height%3D%22150%22%20viewBox%3D%220%200%20150%20150%22%3E%3C%2Fsvg%3E\" loading=\"eager\"><\/span><span class=\"fg-image-overlay\"><\/span><\/a><figcaption class=\"fg-caption\"><div class=\"fg-caption-inner\"><div class=\"fg-caption-title\">D\u0101lijas Daugmal\u0113<\/div><\/div><\/figcaption><\/figure><div class=\"fg-loader\"><\/div><\/div><div class=\"fg-item fg-type-image fg-idle\"><figure class=\"fg-item-inner\"><a href=\"https:\/\/daugmalespeonijas.lv\/wp\/wp-content\/uploads\/2022\/02\/Emilia_Vashariova_2.jpg\" data-caption-title=\"Emilia Vashariova\" data-attachment-id=\"500\" data-type=\"image\" class=\"fg-thumb\"><span class=\"fg-image-wrap\"><img decoding=\"async\" title=\"Emilia Vashariova\" width=\"150\" height=\"150\" class=\"skip-lazy fg-image\" data-src-fg=\"https:\/\/daugmalespeonijas.lv\/wp\/wp-content\/uploads\/cache\/2022\/02\/Emilia_Vashariova_2\/2226642492.jpg\" src=\"data:image\/svg+xml,%3Csvg%20xmlns%3D%22http%3A%2F%2Fwww.w3.org%2F2000%2Fsvg%22%20width%3D%22150%22%20height%3D%22150%22%20viewBox%3D%220%200%20150%20150%22%3E%3C%2Fsvg%3E\" loading=\"eager\"><\/span><span class=\"fg-image-overlay\"><\/span><\/a><figcaption class=\"fg-caption\"><div class=\"fg-caption-inner\"><div class=\"fg-caption-title\">Emilia Vashariova<\/div><\/div><\/figcaption><\/figure><div class=\"fg-loader\"><\/div><\/div><div class=\"fg-item fg-type-image fg-idle\"><figure class=\"fg-item-inner\"><a href=\"https:\/\/daugmalespeonijas.lv\/wp\/wp-content\/uploads\/2022\/02\/Hy_Cutter_2.jpg\" data-caption-title=\"Hy Cutter\" data-attachment-id=\"501\" data-type=\"image\" class=\"fg-thumb\"><span class=\"fg-image-wrap\"><img decoding=\"async\" title=\"Hy Cutter\" width=\"150\" height=\"150\" class=\"skip-lazy fg-image\" data-src-fg=\"https:\/\/daugmalespeonijas.lv\/wp\/wp-content\/uploads\/cache\/2022\/02\/Hy_Cutter_2\/1682510358.jpg\" src=\"data:image\/svg+xml,%3Csvg%20xmlns%3D%22http%3A%2F%2Fwww.w3.org%2F2000%2Fsvg%22%20width%3D%22150%22%20height%3D%22150%22%20viewBox%3D%220%200%20150%20150%22%3E%3C%2Fsvg%3E\" loading=\"eager\"><\/span><span class=\"fg-image-overlay\"><\/span><\/a><figcaption class=\"fg-caption\"><div class=\"fg-caption-inner\"><div class=\"fg-caption-title\">Hy Cutter<\/div><\/div><\/figcaption><\/figure><div class=\"fg-loader\"><\/div><\/div><div class=\"fg-item fg-type-image fg-idle\"><figure class=\"fg-item-inner\"><a href=\"https:\/\/daugmalespeonijas.lv\/wp\/wp-content\/uploads\/2022\/02\/Pirmas_dalijas_5.jpg\" data-caption-title=\"Pirm\u0101s d\u0101lijas\" data-attachment-id=\"502\" data-type=\"image\" class=\"fg-thumb\"><span class=\"fg-image-wrap\"><img decoding=\"async\" title=\"Pirm\u0101s d\u0101lijas\" width=\"150\" height=\"150\" class=\"skip-lazy fg-image\" data-src-fg=\"https:\/\/daugmalespeonijas.lv\/wp\/wp-content\/uploads\/cache\/2022\/02\/Pirmas_dalijas_5\/3980138587.jpg\" src=\"data:image\/svg+xml,%3Csvg%20xmlns%3D%22http%3A%2F%2Fwww.w3.org%2F2000%2Fsvg%22%20width%3D%22150%22%20height%3D%22150%22%20viewBox%3D%220%200%20150%20150%22%3E%3C%2Fsvg%3E\" loading=\"eager\"><\/span><span class=\"fg-image-overlay\"><\/span><\/a><figcaption class=\"fg-caption\"><div class=\"fg-caption-inner\"><div class=\"fg-caption-title\">Pirm\u0101s d\u0101lijas<\/div><\/div><\/figcaption><\/figure><div class=\"fg-loader\"><\/div><\/div><div class=\"fg-item fg-type-image fg-idle\"><figure class=\"fg-item-inner\"><a href=\"https:\/\/daugmalespeonijas.lv\/wp\/wp-content\/uploads\/2022\/02\/Sandra.jpg\" data-caption-title=\"Sandra\" data-attachment-id=\"503\" data-type=\"image\" class=\"fg-thumb\"><span class=\"fg-image-wrap\"><img decoding=\"async\" title=\"Sandra\" width=\"150\" height=\"150\" class=\"skip-lazy fg-image\" data-src-fg=\"https:\/\/daugmalespeonijas.lv\/wp\/wp-content\/uploads\/cache\/2022\/02\/Sandra\/3111323334.jpg\" src=\"data:image\/svg+xml,%3Csvg%20xmlns%3D%22http%3A%2F%2Fwww.w3.org%2F2000%2Fsvg%22%20width%3D%22150%22%20height%3D%22150%22%20viewBox%3D%220%200%20150%20150%22%3E%3C%2Fsvg%3E\" loading=\"eager\"><\/span><span class=\"fg-image-overlay\"><\/span><\/a><figcaption class=\"fg-caption\"><div class=\"fg-caption-inner\"><div class=\"fg-caption-title\">Sandra<\/div><\/div><\/figcaption><\/figure><div class=\"fg-loader\"><\/div><\/div><\/div>\n\n\n\n\n<p>D\u0101lijas ir vienas no popul\u0101r\u0101kaj\u0101m rudens ziedu pu\u0137\u0113m, kuras s\u0101k zied\u0113t jau august\u0101 un zied l\u012bdz pat pirmaj\u0101m lielaj\u0101m rudens saln\u0101m. T\u0101m ir milz\u012bgi liela ziedu nokr\u0101su un ziedu formu da\u017e\u0101d\u012bba. Katrs d\u0101liju kr\u016bms var veidot vair\u0101kus desmitus vai pat simtus ziedu.<\/p>\n\n\n\n<p>D\u0101lijas v\u0113lams b\u016btu st\u0101d\u012bt no v\u0113jiem aizsarg\u0101t\u0101s viet\u0101s d\u0101rz\u0101, jo to stubl\u0101ji ir diezgan trausli. Liel\u0101 v\u0113j\u0101 tie var tikt iz\u0161\u0137ob\u012bti vai ar\u012b piln\u012bgi nolauzti, t\u0101d\u0101 veid\u0101 d\u0101liju st\u0101d\u012bjums zaud\u0113 savu dekorativit\u0101ti un visbeidzot tas atsaucas uz gumu pieaugumu ruden\u012b.<\/p>\n\n\n\n<p>Augsnei vajadz\u0113tu b\u016bt pirms st\u0101d\u012b\u0161anas ielabotai, ne p\u0101r\u0101k smagai, ar labu \u016bdens caurlaid\u012bbu. M\u0113s ar pietieko\u0161i labiem pan\u0101kumiem d\u0101lijas audz\u0113jam, citiem m\u0113r\u0137iem piln\u012bgi neizmantojam\u0101, smilts augsn\u0113. Pie kam taj\u0101 iestr\u0101d\u0101jot \u013coti nenoz\u012bm\u012bgas miner\u0101lm\u0113slu devas pirms st\u0101d\u012b\u0161anas. D\u0101liju gumus izst\u0101d\u0101m uz lauka p\u0113c 20. maija.<\/p>\n\n\n\n<p>Ruden\u012b d\u0101liju gumus izrokam no augsnes k\u0101du ned\u0113\u013cu vai divas p\u0113c piln\u012bgas to stubl\u0101ju nosal\u0161anas lielaj\u0101s rudens saln\u0101s. Cerus uzglab\u0101jam l\u012bdz pavasarim nesadal\u012btus (ko citi audz\u0113t\u0101ji parasti neatz\u012bst). L\u012bdz pavasarim gumus uzglab\u0101jam telp\u0101, kur ir pozit\u012bva temperat\u016bra. Cerus sadal\u0101m pavasar\u012b, kad skaidri ir redzami jaunie dzinumu aizmet\u0146i.<br><strong>&nbsp;&nbsp;&nbsp;J\u0101nis Duka\u013cskis<br>&nbsp;&nbsp;&nbsp;mob. tel.: 26318938<br>&nbsp;&nbsp;&nbsp;e-pasts:&nbsp;<a href=\"mailto:dukalskis.janis@gmail.com\">dukalskis.janis@gmail.com<\/a><\/strong><\/p>\n","protected":false},"excerpt":{"rendered":"<p>D\u0101lijas (dahlia) D\u0101lijas ir vienas no popul\u0101r\u0101kaj\u0101m rudens ziedu pu\u0137\u0113m, kuras s\u0101k zied\u0113t jau august\u0101 un zied l\u012bdz pat pirmaj\u0101m lielaj\u0101m rudens saln\u0101m. T\u0101m ir milz\u012bgi liela ziedu nokr\u0101su un ziedu formu da\u017e\u0101d\u012bba. Katrs d\u0101liju kr\u016bms var veidot vair\u0101kus desmitus vai pat simtus ziedu. D\u0101lijas v\u0113lams b\u016btu st\u0101d\u012bt no v\u0113jiem aizsarg\u0101t\u0101s viet\u0101s d\u0101rz\u0101, jo to [&hellip;]<\/p>\n","protected":false},"author":1,"featured_media":0,"parent":0,"menu_order":0,"comment_status":"closed","ping_status":"closed","template":"page-templates\/full-width.php","meta":{"footnotes":""},"class_list":["post-487","page","type-page","status-publish","hentry"],"_links":{"self":[{"href":"https:\/\/daugmalespeonijas.lv\/wp\/index.php?rest_route=\/wp\/v2\/pages\/487","targetHints":{"allow":["GET"]}}],"collection":[{"href":"https:\/\/daugmalespeonijas.lv\/wp\/index.php?rest_route=\/wp\/v2\/pages"}],"about":[{"href":"https:\/\/daugmalespeonijas.lv\/wp\/index.php?rest_route=\/wp\/v2\/types\/page"}],"author":[{"embeddable":true,"href":"https:\/\/daugmalespeonijas.lv\/wp\/index.php?rest_route=\/wp\/v2\/users\/1"}],"replies":[{"embeddable":true,"href":"https:\/\/daugmalespeonijas.lv\/wp\/index.php?rest_route=%2Fwp%2Fv2%2Fcomments&post=487"}],"version-history":[{"count":3,"href":"https:\/\/daugmalespeonijas.lv\/wp\/index.php?rest_route=\/wp\/v2\/pages\/487\/revisions"}],"predecessor-version":[{"id":504,"href":"https:\/\/daugmalespeonijas.lv\/wp\/index.php?rest_route=\/wp\/v2\/pages\/487\/revisions\/504"}],"wp:attachment":[{"href":"https:\/\/daugmalespeonijas.lv\/wp\/index.php?rest_route=%2Fwp%2Fv2%2Fmedia&parent=487"}],"curies":[{"name":"wp","href":"https:\/\/api.w.org\/{rel}","templated":true}]}}