{"id":180,"date":"2022-01-31T15:05:53","date_gmt":"2022-01-31T13:05:53","guid":{"rendered":"https:\/\/daugmalespeonijas.lv\/wp\/?page_id=180"},"modified":"2022-03-20T12:58:19","modified_gmt":"2022-03-20T10:58:19","slug":"irisu-audzesana","status":"publish","type":"page","link":"https:\/\/daugmalespeonijas.lv\/wp\/?page_id=180","title":{"rendered":"\u012arisu audz\u0113\u0161ana"},"content":{"rendered":"\n<h2 class=\"has-text-align-center wp-block-heading\" id=\"bardainie-lielziedu-irisi-iris-germanica\">B\u0101rdainie lielziedu \u012brisi (<em>iris germanica<\/em>)<\/h2>\n\n\n<style type=\"text\/css\">\n#foogallery-gallery-208 .fg-image { width: 150px; }\n#foogallery-gallery-208 { --fg-gutter: 10px; }<\/style>\n\t\t\t<div class=\"foogallery foogallery-container foogallery-default foogallery-lightbox-foobox fg-center fg-default fg-ready fg-light fg-border-thin fg-shadow-outline fg-loading-default fg-loaded-fade-in fg-caption-hover fg-hover-fade fg-hover-zoom\" id=\"foogallery-gallery-208\" data-foogallery=\"{&quot;item&quot;:{&quot;showCaptionTitle&quot;:true,&quot;showCaptionDescription&quot;:true},&quot;lazy&quot;:true}\" style=\"--fg-title-line-clamp: 0; --fg-description-line-clamp: 0;\" >\n\t<div class=\"fg-item fg-type-image fg-idle\"><figure class=\"fg-item-inner\"><a href=\"https:\/\/daugmalespeonijas.lv\/wp\/wp-content\/uploads\/2022\/01\/1.jpg\" data-caption-title=\"\u012arisu st\u0101di sagatavoti st\u0101d\u012b\u0161anai\" data-attachment-id=\"209\" data-type=\"image\" class=\"fg-thumb\"><span class=\"fg-image-wrap\"><img decoding=\"async\" title=\"\u012arisu st\u0101di sagatavoti st\u0101d\u012b\u0161anai\" width=\"150\" height=\"150\" class=\"skip-lazy fg-image\" data-src-fg=\"https:\/\/daugmalespeonijas.lv\/wp\/wp-content\/uploads\/cache\/2022\/01\/1\/174681856.jpg\" src=\"data:image\/svg+xml,%3Csvg%20xmlns%3D%22http%3A%2F%2Fwww.w3.org%2F2000%2Fsvg%22%20width%3D%22150%22%20height%3D%22150%22%20viewBox%3D%220%200%20150%20150%22%3E%3C%2Fsvg%3E\" loading=\"eager\"><\/span><span class=\"fg-image-overlay\"><\/span><\/a><figcaption class=\"fg-caption\"><div class=\"fg-caption-inner\"><div class=\"fg-caption-title\">\u012arisu st\u0101di sagatavoti st\u0101d\u012b\u0161anai<\/div><\/div><\/figcaption><\/figure><div class=\"fg-loader\"><\/div><\/div><div class=\"fg-item fg-type-image fg-idle\"><figure class=\"fg-item-inner\"><a href=\"https:\/\/daugmalespeonijas.lv\/wp\/wp-content\/uploads\/2022\/01\/2.jpg\" data-caption-title=\"Pareizi iest\u0101d\u012bti \u012brisu st\u0101di vag\u0101s\" data-attachment-id=\"210\" data-type=\"image\" class=\"fg-thumb\"><span class=\"fg-image-wrap\"><img decoding=\"async\" title=\"Pareizi iest\u0101d\u012bti \u012brisu st\u0101di vag\u0101s\" width=\"150\" height=\"150\" class=\"skip-lazy fg-image\" data-src-fg=\"https:\/\/daugmalespeonijas.lv\/wp\/wp-content\/uploads\/cache\/2022\/01\/2\/1123743164.jpg\" src=\"data:image\/svg+xml,%3Csvg%20xmlns%3D%22http%3A%2F%2Fwww.w3.org%2F2000%2Fsvg%22%20width%3D%22150%22%20height%3D%22150%22%20viewBox%3D%220%200%20150%20150%22%3E%3C%2Fsvg%3E\" loading=\"eager\"><\/span><span class=\"fg-image-overlay\"><\/span><\/a><figcaption class=\"fg-caption\"><div class=\"fg-caption-inner\"><div class=\"fg-caption-title\">Pareizi iest\u0101d\u012bti \u012brisu st\u0101di vag\u0101s<\/div><\/div><\/figcaption><\/figure><div class=\"fg-loader\"><\/div><\/div><div class=\"fg-item fg-type-image fg-idle\"><figure class=\"fg-item-inner\"><a href=\"https:\/\/daugmalespeonijas.lv\/wp\/wp-content\/uploads\/2022\/01\/3.jpg\" data-caption-title=\"Pareizi iest\u0101d\u012bts \u012brisu st\u0101ds\" data-attachment-id=\"211\" data-type=\"image\" class=\"fg-thumb\"><span class=\"fg-image-wrap\"><img decoding=\"async\" title=\"Pareizi iest\u0101d\u012bts \u012brisu st\u0101ds\" width=\"150\" height=\"150\" class=\"skip-lazy fg-image\" data-src-fg=\"https:\/\/daugmalespeonijas.lv\/wp\/wp-content\/uploads\/cache\/2022\/01\/3\/2127208846.jpg\" src=\"data:image\/svg+xml,%3Csvg%20xmlns%3D%22http%3A%2F%2Fwww.w3.org%2F2000%2Fsvg%22%20width%3D%22150%22%20height%3D%22150%22%20viewBox%3D%220%200%20150%20150%22%3E%3C%2Fsvg%3E\" loading=\"eager\"><\/span><span class=\"fg-image-overlay\"><\/span><\/a><figcaption class=\"fg-caption\"><div class=\"fg-caption-inner\"><div class=\"fg-caption-title\">Pareizi iest\u0101d\u012bts \u012brisu st\u0101ds<\/div><\/div><\/figcaption><\/figure><div class=\"fg-loader\"><\/div><\/div><div class=\"fg-item fg-type-image fg-idle\"><figure class=\"fg-item-inner\"><a href=\"https:\/\/daugmalespeonijas.lv\/wp\/wp-content\/uploads\/2022\/01\/4.jpg\" data-caption-title=\"Jaunais \u012brisu st\u0101d\u012bjums vag\u0101s\" data-attachment-id=\"212\" data-type=\"image\" class=\"fg-thumb\"><span class=\"fg-image-wrap\"><img decoding=\"async\" title=\"Jaunais \u012brisu st\u0101d\u012bjums vag\u0101s\" width=\"150\" height=\"150\" class=\"skip-lazy fg-image\" data-src-fg=\"https:\/\/daugmalespeonijas.lv\/wp\/wp-content\/uploads\/cache\/2022\/01\/4\/3201323810.jpg\" src=\"data:image\/svg+xml,%3Csvg%20xmlns%3D%22http%3A%2F%2Fwww.w3.org%2F2000%2Fsvg%22%20width%3D%22150%22%20height%3D%22150%22%20viewBox%3D%220%200%20150%20150%22%3E%3C%2Fsvg%3E\" loading=\"eager\"><\/span><span class=\"fg-image-overlay\"><\/span><\/a><figcaption class=\"fg-caption\"><div class=\"fg-caption-inner\"><div class=\"fg-caption-title\">Jaunais \u012brisu st\u0101d\u012bjums vag\u0101s<\/div><\/div><\/figcaption><\/figure><div class=\"fg-loader\"><\/div><\/div><div class=\"fg-item fg-type-image fg-idle\"><figure class=\"fg-item-inner\"><a href=\"https:\/\/daugmalespeonijas.lv\/wp\/wp-content\/uploads\/2022\/01\/5.jpg\" data-caption-title=\"Divgad\u012bgs \u012brisu st\u0101d\u012bjums\" data-attachment-id=\"213\" data-type=\"image\" class=\"fg-thumb\"><span class=\"fg-image-wrap\"><img decoding=\"async\" title=\"Divgad\u012bgs \u012brisu st\u0101d\u012bjums\" width=\"150\" height=\"150\" class=\"skip-lazy fg-image\" data-src-fg=\"https:\/\/daugmalespeonijas.lv\/wp\/wp-content\/uploads\/cache\/2022\/01\/5\/2195719952.jpg\" src=\"data:image\/svg+xml,%3Csvg%20xmlns%3D%22http%3A%2F%2Fwww.w3.org%2F2000%2Fsvg%22%20width%3D%22150%22%20height%3D%22150%22%20viewBox%3D%220%200%20150%20150%22%3E%3C%2Fsvg%3E\" loading=\"eager\"><\/span><span class=\"fg-image-overlay\"><\/span><\/a><figcaption class=\"fg-caption\"><div class=\"fg-caption-inner\"><div class=\"fg-caption-title\">Divgad\u012bgs \u012brisu st\u0101d\u012bjums<\/div><\/div><\/figcaption><\/figure><div class=\"fg-loader\"><\/div><\/div><div class=\"fg-item fg-type-image fg-idle\"><figure class=\"fg-item-inner\"><a href=\"https:\/\/daugmalespeonijas.lv\/wp\/wp-content\/uploads\/2022\/01\/6.jpg\" data-caption-title=\"Divgad\u012bgs \u012brisu cers uz lauka\" data-attachment-id=\"214\" data-type=\"image\" class=\"fg-thumb\"><span class=\"fg-image-wrap\"><img decoding=\"async\" title=\"Divgad\u012bgs \u012brisu cers uz lauka\" width=\"150\" height=\"150\" class=\"skip-lazy fg-image\" data-src-fg=\"https:\/\/daugmalespeonijas.lv\/wp\/wp-content\/uploads\/cache\/2022\/01\/6\/2990253428.jpg\" src=\"data:image\/svg+xml,%3Csvg%20xmlns%3D%22http%3A%2F%2Fwww.w3.org%2F2000%2Fsvg%22%20width%3D%22150%22%20height%3D%22150%22%20viewBox%3D%220%200%20150%20150%22%3E%3C%2Fsvg%3E\" loading=\"eager\"><\/span><span class=\"fg-image-overlay\"><\/span><\/a><figcaption class=\"fg-caption\"><div class=\"fg-caption-inner\"><div class=\"fg-caption-title\">Divgad\u012bgs \u012brisu cers uz lauka<\/div><\/div><\/figcaption><\/figure><div class=\"fg-loader\"><\/div><\/div><div class=\"fg-item fg-type-image fg-idle\"><figure class=\"fg-item-inner\"><a href=\"https:\/\/daugmalespeonijas.lv\/wp\/wp-content\/uploads\/2022\/01\/7.jpg\" data-caption-title=\"Izrakts divgad\u012bgs \u012brisu cers\" data-attachment-id=\"215\" data-type=\"image\" class=\"fg-thumb\"><span class=\"fg-image-wrap\"><img decoding=\"async\" title=\"Izrakts divgad\u012bgs \u012brisu cers\" width=\"150\" height=\"150\" class=\"skip-lazy fg-image\" data-src-fg=\"https:\/\/daugmalespeonijas.lv\/wp\/wp-content\/uploads\/cache\/2022\/01\/7\/2383147334.jpg\" src=\"data:image\/svg+xml,%3Csvg%20xmlns%3D%22http%3A%2F%2Fwww.w3.org%2F2000%2Fsvg%22%20width%3D%22150%22%20height%3D%22150%22%20viewBox%3D%220%200%20150%20150%22%3E%3C%2Fsvg%3E\" loading=\"eager\"><\/span><span class=\"fg-image-overlay\"><\/span><\/a><figcaption class=\"fg-caption\"><div class=\"fg-caption-inner\"><div class=\"fg-caption-title\">Izrakts divgad\u012bgs \u012brisu cers<\/div><\/div><\/figcaption><\/figure><div class=\"fg-loader\"><\/div><\/div><\/div>\n\n\n\n\n<p class=\"has-text-align-center\"><strong>\u012asi<\/strong> <strong>par \u012brisu audz\u0113\u0161anu<\/strong><\/p>\n\n\n\n<p><strong>&#8211;<\/strong>\u00a0V\u0113lams atrast d\u0101rz\u0101 vissaulain\u0101ko vietu, (protams ja past\u0101v t\u0101da iesp\u0113ja) tad \u012brisi bag\u0101t\u012bg\u0101k zied\u0113s, jo ir saulm\u012b\u013ci.<br><strong>&#8211;<\/strong>\u00a0\u012arisus st\u0101da vai nu vag\u0101s, vai grup\u0101s dob\u0113s. V\u0113lamais atstatums starp st\u0101diem 30 &#8211; 50 cm (atkar\u012bb\u0101 no t\u0101, cik gadus paredz\u0113ts tos nep\u0101st\u0101d\u012bt). Parasti p\u0101rst\u0101da reizi 3 &#8211; 4 gados.<br><strong>&#8211;<\/strong>\u00a0Augsne var b\u016bt da\u017e\u0101da, tom\u0113r lab\u0101ka ir irdena, caurlaid\u012bga, ielabota augsne. \u012arisiem neder t\u012bra, smalka smilts un neielabota smaga m\u0101la augsne.<br><strong>&#8211;<\/strong>\u00a0Augsnei j\u0101b\u016bt neitr\u0101lai vai v\u0101ji s\u0101rmainai (pH 7,0). Parasati t\u0101da ir ielabota d\u0101rza augsne. Dro\u0161\u012bbas p\u0113c var izmantot koku pelnus, apm\u0113ram sauju uz katru \u012brisu st\u0101du, augsni ielabojot.<br><strong>&#8211;<\/strong>\u00a0K\u016bdru \u012brisu st\u0101diem izmantot nedr\u012bkst (uztur lieku mitrumu, vairo sk\u0101bumu), vien\u012bgi augsnes ielabo\u0161anai. Tad papildus v\u0113l nepicie\u0161ams iestr\u0101d\u0101t augsn\u0113 koku pelnus, kr\u012btu vai dolom\u012btmiltus.<br><strong>&#8211;<\/strong>\u00a0\u012arisu m\u0113slo\u0161anai p\u0101rsvar\u0101 izmanto kalciju saturo\u0161us miner\u0101lm\u0113slus. Neliel\u0101s dev\u0101s var dot ar\u012b sl\u0101pekli pavasar\u012b, tas gan j\u0101dara saudz\u012bgi.<br><strong>&#8211;<\/strong>\u00a0Laist\u012b\u0161ana nav nepiecie\u0161ama, jo \u012brisiem pat\u012bk sausums, iz\u0146emot jaunos st\u0101dus apsak\u0146o\u0161an\u0101s period\u0101, ja ir p\u0101rlieku sausa augsne.<br><strong>&#8211;<\/strong>\u00a0Ieziemojot st\u0101dus var piesegt (bet ne mul\u010d\u0113t!), mazinot liek\u0101 mitruma ietekmi uz \u012brisu sakne\u0146iem (ja ir \u013coti nokri\u0161\u0146iem bag\u0101ti rude\u0146i un ziemas).<br><strong>&#8211;<\/strong>\u00a0Pavairo \u012brisu st\u0101dus cerus dalot reizi 3 &#8211; 4 gados.<br><strong>&#8211;<\/strong>\u00a0P\u0101rsvar\u0101 \u012briesiem tiek nov\u0113rota bakteri\u0101l\u0101 puve. To veicina sabiezin\u0101ts st\u0101d\u012bjums, p\u0101rlieku liels mitrums, past\u0101v\u012bgs st\u0101du no\u0113nojums un lielas sl\u0101pek\u013ca miner\u0101lm\u0113slojuma devas.<br><strong>&#8211;<\/strong>\u00a0Kait\u0113k\u013ci \u012brisiem ir trip\u0161i, glieme\u017ei, dr\u0101tst\u0101rpi, da\u017ereiz ar\u012b laputis. Tie p\u0101rn\u0113s\u0101 slim\u012bbu ierosin\u0101t\u0101ju bakt\u0113rijas, veicinot slim\u012bbu izplat\u012b\u0161anos.<br><strong>&#8211;<\/strong>\u00a0Kait\u0113k\u013cu apkaro\u0161anai var izmantot insektic\u012bdus Actara, Perfecta. Glieme\u017eiem &#8211; metaldeh\u012bdu granul\u0101s. Slim\u012bbu apkaro\u0161anai (pret bakteri\u0101lo puvi): kokogles pulveri, briljanta za\u013co, zilos graudi\u0146us, propolisu spirt\u0101, tetracikl\u012bnu, k\u0101 ar\u012b kodnes.<\/p>\n\n\n\n<p><strong>&nbsp;&nbsp;&nbsp;J\u0101nis Duka\u013cskis<br>&nbsp;&nbsp;&nbsp;mob. tel.: 26318938<br>&nbsp;&nbsp;&nbsp;e-pasts:&nbsp;<a href=\"mailto:dukalskis.janis@gmail.com\">dukalskis.janis@gmail.com<\/a><\/strong><\/p>\n","protected":false},"excerpt":{"rendered":"<p>B\u0101rdainie lielziedu \u012brisi (iris germanica) \u012asi par \u012brisu audz\u0113\u0161anu &#8211;\u00a0V\u0113lams atrast d\u0101rz\u0101 vissaulain\u0101ko vietu, (protams ja past\u0101v t\u0101da iesp\u0113ja) tad \u012brisi bag\u0101t\u012bg\u0101k zied\u0113s, jo ir saulm\u012b\u013ci.&#8211;\u00a0\u012arisus st\u0101da vai nu vag\u0101s, vai grup\u0101s dob\u0113s. V\u0113lamais atstatums starp st\u0101diem 30 &#8211; 50 cm (atkar\u012bb\u0101 no t\u0101, cik gadus paredz\u0113ts tos nep\u0101st\u0101d\u012bt). Parasti p\u0101rst\u0101da reizi 3 &#8211; 4 [&hellip;]<\/p>\n","protected":false},"author":1,"featured_media":0,"parent":0,"menu_order":0,"comment_status":"closed","ping_status":"closed","template":"page-templates\/full-width.php","meta":{"footnotes":""},"class_list":["post-180","page","type-page","status-publish","hentry"],"_links":{"self":[{"href":"https:\/\/daugmalespeonijas.lv\/wp\/index.php?rest_route=\/wp\/v2\/pages\/180","targetHints":{"allow":["GET"]}}],"collection":[{"href":"https:\/\/daugmalespeonijas.lv\/wp\/index.php?rest_route=\/wp\/v2\/pages"}],"about":[{"href":"https:\/\/daugmalespeonijas.lv\/wp\/index.php?rest_route=\/wp\/v2\/types\/page"}],"author":[{"embeddable":true,"href":"https:\/\/daugmalespeonijas.lv\/wp\/index.php?rest_route=\/wp\/v2\/users\/1"}],"replies":[{"embeddable":true,"href":"https:\/\/daugmalespeonijas.lv\/wp\/index.php?rest_route=%2Fwp%2Fv2%2Fcomments&post=180"}],"version-history":[{"count":4,"href":"https:\/\/daugmalespeonijas.lv\/wp\/index.php?rest_route=\/wp\/v2\/pages\/180\/revisions"}],"predecessor-version":[{"id":1840,"href":"https:\/\/daugmalespeonijas.lv\/wp\/index.php?rest_route=\/wp\/v2\/pages\/180\/revisions\/1840"}],"wp:attachment":[{"href":"https:\/\/daugmalespeonijas.lv\/wp\/index.php?rest_route=%2Fwp%2Fv2%2Fmedia&parent=180"}],"curies":[{"name":"wp","href":"https:\/\/api.w.org\/{rel}","templated":true}]}}