{"id":113,"date":"2022-01-30T13:58:04","date_gmt":"2022-01-30T11:58:04","guid":{"rendered":"https:\/\/daugmalespeonijas.lv\/wp\/?page_id=113"},"modified":"2026-04-29T12:14:28","modified_gmt":"2026-04-29T09:14:28","slug":"sipolpuku-katalogs","status":"publish","type":"page","link":"https:\/\/daugmalespeonijas.lv\/wp\/?page_id=113","title":{"rendered":"S\u012bpolpu\u0137u katalogs"},"content":{"rendered":"\n<h2 class=\"wp-block-heading has-text-align-center has-large-font-size\"><mark style=\"background-color:rgba(0, 0, 0, 0)\" class=\"has-inline-color has-vivid-red-color\">Izn\u0101cis jaunais 2026. gada s\u012bpolpu\u0137u katalogs!<\/mark><\/h2>\n\n\n<div class=\"wp-block-image\">\n<figure class=\"aligncenter size-full\"><img loading=\"lazy\" decoding=\"async\" width=\"1874\" height=\"2560\" src=\"https:\/\/daugmalespeonijas.lv\/wp\/wp-content\/uploads\/2026\/04\/SipolpukuKatalogs2026-scaled.jpg\" alt=\"\" class=\"wp-image-3237\" srcset=\"https:\/\/daugmalespeonijas.lv\/wp\/wp-content\/uploads\/2026\/04\/SipolpukuKatalogs2026-scaled.jpg 1874w, https:\/\/daugmalespeonijas.lv\/wp\/wp-content\/uploads\/2026\/04\/SipolpukuKatalogs2026-220x300.jpg 220w, https:\/\/daugmalespeonijas.lv\/wp\/wp-content\/uploads\/2026\/04\/SipolpukuKatalogs2026-750x1024.jpg 750w, https:\/\/daugmalespeonijas.lv\/wp\/wp-content\/uploads\/2026\/04\/SipolpukuKatalogs2026-768x1049.jpg 768w, https:\/\/daugmalespeonijas.lv\/wp\/wp-content\/uploads\/2026\/04\/SipolpukuKatalogs2026-1124x1536.jpg 1124w, https:\/\/daugmalespeonijas.lv\/wp\/wp-content\/uploads\/2026\/04\/SipolpukuKatalogs2026-1499x2048.jpg 1499w, https:\/\/daugmalespeonijas.lv\/wp\/wp-content\/uploads\/2026\/04\/SipolpukuKatalogs2026-624x852.jpg 624w\" sizes=\"auto, (max-width: 1874px) 100vw, 1874px\" \/><\/figure>\n<\/div>\n\n\n<p><strong>D\u0101rgie draugi!<\/strong><\/p>\n\n\n\n<p><\/p>\n\n\n\n<p><strong>Katalogs vairs netiks izdots druk\u0101t\u0101 form\u0101t\u0101 un izs\u016bt\u012bts klientiem pa pastu, bet b\u016bs pieejams tikai elektronisk\u0101 form\u0101t\u0101 m\u0101jas lap\u0101 apr\u012b\u013ca beig\u0101s, maija s\u0101kum\u0101.<\/strong><\/p>\n\n\n\n<p>Izmantojiet tikai jauno \u0161\u012b gada s\u012bpolpu\u0137u pied\u0101v\u0101jumu (katalogu)! S\u012bpolpu\u0137u pas\u016bt\u012bjumi tiek pie\u0146emti tikai l\u012bdz 1. augustam! (v\u0113l\u0101kie pas\u016bt\u012bjumi tiek pie\u0146emti tikai p\u0113c abpus\u0113jas vieno\u0161an\u0101s).<\/p>\n\n\n\n<p>Atlai\u017eu sist\u0113ma darbojas tikai l\u012bdz pas\u016bt\u012b\u0161anas beigu datumam &#8211; 1.augustam!<\/p>\n\n\n\n<p>St\u0101d\u0101mais materi\u0101ls tiek pakots un izs\u016bt\u012bts ar&nbsp;<strong>Latvijas pasta<\/strong>&nbsp;vai&nbsp;<strong>Omniva<\/strong>&nbsp;starpniec\u012bbu no 22.septembra l\u012bdz oktobra vidum. Ar p\u0113cmaksu s\u012bpolus neizs\u016btu!<\/p>\n\n\n\n<p>Audz\u0113tav\u0101 uz vietas s\u012bpolus var nopirkt praktiski tikai p\u0113c visu pas\u016bt\u012bjumu komplekt\u0113\u0161anas beig\u0101m! Tas ir apm\u0113ram no 5. oktobra l\u012bdz 20. oktobrim. P\u0113c tam s\u0101kas s\u012bpolpu\u0137u st\u0101d\u012b\u0161ana.<\/p>\n\n\n\n<p><strong><mark style=\"background-color:rgba(0, 0, 0, 0)\" class=\"has-inline-color has-vivid-red-color\"><strong> <mark style=\"background-color:rgba(0, 0, 0, 0)\" class=\"has-inline-color has-vivid-red-color\">Uz vietas s\u012bpolpu\u0137u audz\u0113tav\u0101 b\u016bs iesp\u0113jams pas\u016bt\u012bt vai nopirkt da\u017e\u0101dus grieztos ziedus tie\u0161i no kolekcijas lauka!<\/mark><\/strong> <\/mark><\/strong><strong><mark style=\"background-color:rgba(0, 0, 0, 0)\" class=\"has-inline-color has-vivid-red-color\"><\/mark><\/strong><\/p>\n\n\n\n<p>\u0160is katalogs ir J\u0101\u0146a Duka\u013cska un Gunta Granta kopdarbs. Katalog\u0101 atrodami att\u0113li vis\u0101m pieejam\u0101m \u0161\u0137irn\u0113m!<\/p>\n\n\n\n<p><strong>Lai iel\u0101d\u0113tu katalogu PDF form\u0101t\u0101, spiediet \u0161eit.\u00a0<\/strong><a href=\"http:\/\/daugmalespeonijas.lv\/SipolpukuKatalogs2026.pdf\" data-type=\"URL\" data-id=\"daugmalespeonijas.lv\/SipolpukuKatalogs2023.pdf\"><img loading=\"lazy\" decoding=\"async\" width=\"100\" height=\"21\" class=\"wp-image-114\" style=\"width: 100px;\" src=\"https:\/\/daugmalespeonijas.lv\/wp\/wp-content\/uploads\/2022\/01\/lejupladet100x21.png\" alt=\"\"><\/a><strong><a href=\"https:\/\/daugmalespeonijas.lv\/SiplopukuKatalogs2021.pdf\"><\/a><\/strong><\/p>\n\n\n\n<p><strong>Lejupl\u0101d\u0113jiet pas\u016bt\u012b\u0161anas veidlapu &#8220;Excel&#8221; form\u0101t\u0101 \u0161eit.&nbsp;<\/strong><a href=\"https:\/\/daugmalespeonijas.lv\/Sipolu_pasutijuma_veidlapa.xls\"><img loading=\"lazy\" decoding=\"async\" width=\"100\" height=\"21\" class=\"wp-image-114\" style=\"width: 100px;\" src=\"https:\/\/daugmalespeonijas.lv\/wp\/wp-content\/uploads\/2022\/01\/lejupladet100x21.png\" alt=\"\"><\/a><strong><a href=\"https:\/\/daugmalespeonijas.lv\/Sipolu_pasutijuma_veidlapa.xls\"><\/a><\/strong><\/p>\n\n\n\n<p>Ja maks\u0101jumu veicat ar bankas starpniec\u012bbu, tad savu pasta adresi nor\u0101diet ail\u0113 \u201eMaks\u0101juma m\u0113r\u0137is\u201d.<\/p>\n\n\n\n<p>Ja s\u016btiet naudu ar pasta p\u0101rvedumu, tad savu pasta adresi nor\u0101diet uz p\u0101rveduma veidlapas.<\/p>\n\n\n\n<p><strong>J\u0101nim Duka\u013cskim, &#8216;Jaunakeri&#8217;, Daugmales pag., \u0136ekavas nov., LV-2124<\/strong><\/p>\n\n\n\n<p><strong>\u0145emiet v\u0113r\u0101 to, ka tagad Latvijas pasta noda\u013c\u0101s naudas p\u0101rvedumu nos\u016bt\u012b\u0161anai prasa ar\u012b sa\u0146\u0113m\u0113ja personas kodu!<\/strong><\/p>\n\n\n\n<p>Ja Jums ir \u0113rt\u0101k veikt maks\u0101jumu ar bankas starpniec\u012bbu, p\u0101rskaitiet naudu uz kontu:<\/p>\n\n\n\n<p><strong>J\u0101nis Duka\u013cskis<br>PK 200954-10115<br>A\/S Swedbank<br>LV39HABA0551009100049<br><br>mob. tel.: 26318938<br>e-pasts:&nbsp;<a href=\"mailto:dukalskis.janis@gmail.com\">dukalskis.janis@gmail.com<\/a><\/strong><\/p>\n","protected":false},"excerpt":{"rendered":"<p>Izn\u0101cis jaunais 2026. gada s\u012bpolpu\u0137u katalogs! D\u0101rgie draugi! Katalogs vairs netiks izdots druk\u0101t\u0101 form\u0101t\u0101 un izs\u016bt\u012bts klientiem pa pastu, bet b\u016bs pieejams tikai elektronisk\u0101 form\u0101t\u0101 m\u0101jas lap\u0101 apr\u012b\u013ca beig\u0101s, maija s\u0101kum\u0101. Izmantojiet tikai jauno \u0161\u012b gada s\u012bpolpu\u0137u pied\u0101v\u0101jumu (katalogu)! S\u012bpolpu\u0137u pas\u016bt\u012bjumi tiek pie\u0146emti tikai l\u012bdz 1. augustam! (v\u0113l\u0101kie pas\u016bt\u012bjumi tiek pie\u0146emti tikai p\u0113c abpus\u0113jas vieno\u0161an\u0101s). [&hellip;]<\/p>\n","protected":false},"author":1,"featured_media":0,"parent":0,"menu_order":0,"comment_status":"closed","ping_status":"closed","template":"page-templates\/full-width.php","meta":{"footnotes":""},"class_list":["post-113","page","type-page","status-publish","hentry"],"_links":{"self":[{"href":"https:\/\/daugmalespeonijas.lv\/wp\/index.php?rest_route=\/wp\/v2\/pages\/113","targetHints":{"allow":["GET"]}}],"collection":[{"href":"https:\/\/daugmalespeonijas.lv\/wp\/index.php?rest_route=\/wp\/v2\/pages"}],"about":[{"href":"https:\/\/daugmalespeonijas.lv\/wp\/index.php?rest_route=\/wp\/v2\/types\/page"}],"author":[{"embeddable":true,"href":"https:\/\/daugmalespeonijas.lv\/wp\/index.php?rest_route=\/wp\/v2\/users\/1"}],"replies":[{"embeddable":true,"href":"https:\/\/daugmalespeonijas.lv\/wp\/index.php?rest_route=%2Fwp%2Fv2%2Fcomments&post=113"}],"version-history":[{"count":38,"href":"https:\/\/daugmalespeonijas.lv\/wp\/index.php?rest_route=\/wp\/v2\/pages\/113\/revisions"}],"predecessor-version":[{"id":3246,"href":"https:\/\/daugmalespeonijas.lv\/wp\/index.php?rest_route=\/wp\/v2\/pages\/113\/revisions\/3246"}],"wp:attachment":[{"href":"https:\/\/daugmalespeonijas.lv\/wp\/index.php?rest_route=%2Fwp%2Fv2%2Fmedia&parent=113"}],"curies":[{"name":"wp","href":"https:\/\/api.w.org\/{rel}","templated":true}]}}